{"id":1422,"date":"2024-05-03T12:59:32","date_gmt":"2024-05-03T10:59:32","guid":{"rendered":"https:\/\/www.ocmer.it\/?page_id=1422"},"modified":"2025-05-29T10:21:30","modified_gmt":"2025-05-29T08:21:30","slug":"manipuladores-lanza-pulverizadora","status":"publish","type":"page","link":"https:\/\/www.ocmer.it\/es\/masas-refractarias-proyectadas\/manipuladores-lanza-pulverizadora\/","title":{"rendered":"Manipolatori Lancia da Spruzzo per Forni, Siviere, Paniere"},"content":{"rendered":"<p>[et_pb_section fb_built=&#8221;1&#8243; admin_label=&#8221;Header&#8221; _builder_version=&#8221;4.25.1&#8243; _module_preset=&#8221;default&#8221; use_background_color_gradient=&#8221;on&#8221; background_color_gradient_stops=&#8221;#d6d6d6 0%|#000000 99%&#8221; background_image=&#8221;https:\/\/www.ocmer.it\/wp-content\/uploads\/2024\/06\/FOTO-IN-ALTO-MANIPOLATORI.jpg&#8221; custom_padding=&#8221;145px||145px||true|false&#8221; locked=&#8221;off&#8221; collapsed=&#8221;on&#8221; global_colors_info=&#8221;{}&#8221;][et_pb_row column_structure=&#8221;3_5,2_5&#8243; _builder_version=&#8221;4.20.0&#8243; _module_preset=&#8221;default&#8221; custom_padding=&#8221;||0px|||&#8221; global_colors_info=&#8221;{}&#8221;][et_pb_column type=&#8221;3_5&#8243; _builder_version=&#8221;4.20.0&#8243; _module_preset=&#8221;default&#8221; global_colors_info=&#8221;{}&#8221;][et_pb_text _builder_version=&#8221;4.25.0&#8243; _module_preset=&#8221;_initial&#8221; header_font=&#8221;Roboto Condensed|700||on|||||&#8221; header_text_color=&#8221;#FFFFFF&#8221; header_font_size=&#8221;60px&#8221; header_line_height=&#8221;1.2em&#8221; header_2_text_color=&#8221;#FFFFFF&#8221; text_orientation=&#8221;center&#8221; custom_margin=&#8221;||10px||false|false&#8221; header_font_size_tablet=&#8221;40px&#8221; header_font_size_phone=&#8221;24px&#8221; header_font_size_last_edited=&#8221;on|desktop&#8221; global_colors_info=&#8221;{}&#8221;]<\/p>\n<h1 style=\"text-align: left;\">Manipolatori Lancia Da Spruzzo\u00a0<\/h1>\n<h2 style=\"text-align: left;\">per Forni, Siviere, Paniere<\/h2>\n<p>[\/et_pb_text][\/et_pb_column][et_pb_column type=&#8221;2_5&#8243; _builder_version=&#8221;4.20.0&#8243; _module_preset=&#8221;default&#8221; global_colors_info=&#8221;{}&#8221;][\/et_pb_column][\/et_pb_row][\/et_pb_section][et_pb_section fb_built=&#8221;1&#8243; make_equal=&#8221;on&#8221; specialty=&#8221;on&#8221; background_color_1=&#8221;#FFA500&#8243; padding_top_1=&#8221;30px&#8221; padding_right_1=&#8221;30px&#8221; padding_bottom_1=&#8221;30px&#8221; padding_left_1=&#8221;30px&#8221; padding_top_bottom_link_1=&#8221;true&#8221; padding_left_right_link_1=&#8221;true&#8221; _builder_version=&#8221;4.24.2&#8243; _module_preset=&#8221;default&#8221; custom_padding=&#8221;0px||0px||true|&#8221; global_colors_info=&#8221;{}&#8221;][et_pb_column type=&#8221;1_3&#8243; _builder_version=&#8221;4.16&#8243; _module_preset=&#8221;default&#8221; custom_padding=&#8221;|||&#8221; global_colors_info=&#8221;{}&#8221; custom_padding__hover=&#8221;|||&#8221;][et_pb_divider show_divider=&#8221;off&#8221; _builder_version=&#8221;4.24.2&#8243; _module_preset=&#8221;default&#8221; global_colors_info=&#8221;{}&#8221;][\/et_pb_divider][\/et_pb_column][et_pb_column type=&#8221;2_3&#8243; specialty_columns=&#8221;2&#8243; _builder_version=&#8221;4.16&#8243; _module_preset=&#8221;default&#8221; custom_padding=&#8221;|||&#8221; global_colors_info=&#8221;{}&#8221; custom_padding__hover=&#8221;|||&#8221;][et_pb_row_inner _builder_version=&#8221;4.20.0&#8243; _module_preset=&#8221;default&#8221; custom_padding=&#8221;82px|||||&#8221; global_colors_info=&#8221;{}&#8221;][et_pb_column_inner saved_specialty_column_type=&#8221;2_3&#8243; _builder_version=&#8221;4.20.0&#8243; _module_preset=&#8221;default&#8221; global_colors_info=&#8221;{}&#8221;][et_pb_text _builder_version=&#8221;4.25.0&#8243; _module_preset=&#8221;_initial&#8221; text_font_size=&#8221;15px&#8221; header_2_font=&#8221;Roboto Condensed|700|||||||&#8221; header_2_text_color=&#8221;#FFA500&#8243; header_2_font_size=&#8221;24px&#8221; header_4_font=&#8221;Inter|700|||||||&#8221; header_4_font_size=&#8221;24px&#8221; header_4_line_height=&#8221;1.4em&#8221; header_4_font_size_tablet=&#8221;16px&#8221; header_4_font_size_phone=&#8221;15px&#8221; header_4_font_size_last_edited=&#8221;on|desktop&#8221; locked=&#8221;off&#8221; global_colors_info=&#8221;{}&#8221;]<\/p>\n<div class=\"flex-1 overflow-hidden\">\n<div class=\"react-scroll-to-bottom--css-tgwis-79elbk h-full\">\n<div class=\"react-scroll-to-bottom--css-tgwis-1n7m0yu\">\n<div class=\"flex flex-col text-sm pb-9\">\n<div class=\"w-full text-token-text-primary\" data-testid=\"conversation-turn-49\">\n<div class=\"px-4 py-2 justify-center text-base md:gap-6 m-auto\">\n<div class=\"flex flex-1 text-base mx-auto gap-3 md:px-5 lg:px-1 xl:px-5 md:max-w-3xl lg:max-w-[40rem] xl:max-w-[48rem] group final-completion\">\n<div class=\"relative flex w-full flex-col agent-turn\">\n<div class=\"flex-col gap-1 md:gap-3\">\n<div class=\"flex flex-grow flex-col max-w-full\">\n<div data-message-author-role=\"assistant\" data-message-id=\"5298adf2-52a2-4720-ae70-d7939ff2fc93\" class=\"min-h-[20px] text-message flex flex-col items-start gap-3 whitespace-pre-wrap break-words [.text-message+&amp;]:mt-5 overflow-x-auto\">\n<div class=\"markdown prose w-full break-words dark:prose-invert light\">\n<h2>MANIPOLATORI LANCIA DA SPRUZZO PER FORNI, SIVIERE, PANIERE<\/h2>\n<h2><\/h2>\n<p><span style=\"font-weight: 400;\">OCMER\u00a0 ha sviluppato negli anni diverse soluzioni per meccanizzare l\u2019applicazione di refrattario proiettato in paniere, forni e siviere.\u00a0<\/span><\/p>\n<p><span style=\"font-weight: 400;\">I bracci da spuzzo Ocmer destinati al rivestimento di paniere sono realizzati sulla base della loro dimensione e dislocazione all\u2019interno del reparto.\u00a0<\/span><\/p>\n<p><span style=\"font-weight: 400;\">Lavorano in combinazione con gli impianti di miscelazione e spruzzo di masse refrattarie.\u00a0<\/span><\/p>\n<p><span style=\"font-weight: 400;\">Anche i bracci che operano a freddo all\u2019interno di forni e siviere in combinazione con le stazioni vengono realizzati di volta in volta sulla base dei dati di ingresso forniti dal Cliente.<\/span><\/p>\n<p><span style=\"font-weight: 400;\">Ciascun progetto si adatta pertanto\u00a0 alle caratteristiche dimensionali delle pareti da rivestire e del contesto ambientale in cui forni e siviere sono inserite.\u00a0<\/span><\/p>\n<\/div>\n<\/div>\n<\/div>\n<\/div>\n<\/div>\n<\/div>\n<\/div>\n<\/div>\n<\/div>\n<\/div>\n<\/div>\n<\/div>\n<p>[\/et_pb_text][\/et_pb_column_inner][\/et_pb_row_inner][et_pb_row_inner column_structure=&#8221;1_2,1_2&#8243; _builder_version=&#8221;4.25.1&#8243; _module_preset=&#8221;default&#8221; global_colors_info=&#8221;{}&#8221;][et_pb_column_inner type=&#8221;1_2&#8243; saved_specialty_column_type=&#8221;2_3&#8243; _builder_version=&#8221;4.25.1&#8243; _module_preset=&#8221;default&#8221; global_colors_info=&#8221;{}&#8221;][et_pb_video src=&#8221;https:\/\/youtu.be\/pdDzHkWqUd4?si=NW5rN6GicrI4i75S&#8221; _builder_version=&#8221;4.25.1&#8243; _module_preset=&#8221;default&#8221; box_shadow_style=&#8221;preset2&#8243; global_colors_info=&#8221;{}&#8221;][\/et_pb_video][\/et_pb_column_inner][et_pb_column_inner type=&#8221;1_2&#8243; saved_specialty_column_type=&#8221;2_3&#8243; _builder_version=&#8221;4.25.1&#8243; _module_preset=&#8221;default&#8221; global_colors_info=&#8221;{}&#8221;][\/et_pb_column_inner][\/et_pb_row_inner][\/et_pb_column][\/et_pb_section][et_pb_section fb_built=&#8221;1&#8243; fullwidth=&#8221;on&#8221; _builder_version=&#8221;4.24.2&#8243; _module_preset=&#8221;default&#8221; global_colors_info=&#8221;{}&#8221;][et_pb_fullwidth_slider _builder_version=&#8221;4.25.1&#8243; _module_preset=&#8221;default&#8221; custom_padding=&#8221;135px||501px|||&#8221; global_colors_info=&#8221;{}&#8221;][et_pb_slide _builder_version=&#8221;4.25.1&#8243; _module_preset=&#8221;default&#8221; background_image=&#8221;https:\/\/www.ocmer.it\/wp-content\/uploads\/2024\/06\/OCMER-manipolatori_2.jpg&#8221; background_enable_image=&#8221;on&#8221; global_colors_info=&#8221;{}&#8221; sticky_transition=&#8221;on&#8221;][\/et_pb_slide][et_pb_slide _builder_version=&#8221;4.25.1&#8243; _module_preset=&#8221;default&#8221; background_image=&#8221;https:\/\/www.ocmer.it\/wp-content\/uploads\/2024\/06\/OCMER-manipolatori_3.jpg&#8221; background_enable_image=&#8221;on&#8221; global_colors_info=&#8221;{}&#8221; sticky_transition=&#8221;on&#8221;][\/et_pb_slide][et_pb_slide _builder_version=&#8221;4.25.1&#8243; _module_preset=&#8221;default&#8221; background_image=&#8221;https:\/\/www.ocmer.it\/wp-content\/uploads\/2024\/06\/OCMER-manipolatori.jpg&#8221; background_enable_image=&#8221;on&#8221; global_colors_info=&#8221;{}&#8221; sticky_transition=&#8221;on&#8221;][\/et_pb_slide][\/et_pb_fullwidth_slider][\/et_pb_section][et_pb_section fb_built=&#8221;1&#8243; admin_label=&#8221;Footer&#8221; _builder_version=&#8221;4.24.2&#8243; _module_preset=&#8221;default&#8221; use_background_color_gradient=&#8221;on&#8221; background_color_gradient_stops=&#8221;#242424 31%|#242424 100%&#8221; background_color_gradient_overlays_image=&#8221;on&#8221; background_enable_image=&#8221;off&#8221; saved_tabs=&#8221;all&#8221; collapsed=&#8221;on&#8221; global_colors_info=&#8221;{}&#8221;][et_pb_row column_structure=&#8221;1_3,1_3,1_3&#8243; _builder_version=&#8221;4.17.4&#8243; _module_preset=&#8221;default&#8221; global_colors_info=&#8221;{}&#8221;][et_pb_column type=&#8221;1_3&#8243; _builder_version=&#8221;4.17.4&#8243; _module_preset=&#8221;default&#8221; global_colors_info=&#8221;{}&#8221;][et_pb_image src=&#8221;https:\/\/www.ocmer.it\/wp-content\/uploads\/2024\/05\/OCMER-logo.png&#8221; title_text=&#8221;OCMER logo&#8221; _builder_version=&#8221;4.27.2&#8243; _module_preset=&#8221;default&#8221; width=&#8221;86%&#8221; box_shadow_style=&#8221;preset1&#8243; box_shadow_blur=&#8221;11px&#8221; box_shadow_color=&#8221;#FFFFFF&#8221; global_colors_info=&#8221;{}&#8221;][\/et_pb_image][\/et_pb_column][et_pb_column type=&#8221;1_3&#8243; _builder_version=&#8221;4.17.4&#8243; _module_preset=&#8221;default&#8221; global_colors_info=&#8221;{}&#8221;][et_pb_text _builder_version=&#8221;4.24.2&#8243; _module_preset=&#8221;4c43b4b6-66bf-432d-959a-705bda24a650&#8243; text_font=&#8221;||||||||&#8221; text_text_color=&#8221;#FFFFFF&#8221; text_font_size=&#8221;16px&#8221; custom_margin=&#8221;5px|||||&#8221; header_font_size_tablet=&#8221;55px&#8221; header_font_size_last_edited=&#8221;off|desktop&#8221; global_colors_info=&#8221;{}&#8221;]<\/p>\n<p><span>Desideri maggiori informazioni o hai delle richieste? Compila il modulo con le tue informazioni e le tue domande. Il nostro team sar\u00e0 lieto di aiutarti e ti contatter\u00e0 al pi\u00f9 presto!<\/span><\/p>\n<p>[\/et_pb_text][et_pb_button button_url=&#8221;https:\/\/www.ocmer.it\/contatti\/&#8221; button_text=&#8221;Contattaci&#8221; button_alignment=&#8221;left&#8221; _builder_version=&#8221;4.27.2&#8243; _module_preset=&#8221;default&#8221; custom_button=&#8221;on&#8221; button_text_color=&#8221;#FFFFFF&#8221; button_bg_color=&#8221;#FFA500&#8243; button_border_color=&#8221;RGBA(255,255,255,0)&#8221; button_border_radius=&#8221;7px&#8221; global_colors_info=&#8221;{}&#8221;][\/et_pb_button][\/et_pb_column][et_pb_column type=&#8221;1_3&#8243; _builder_version=&#8221;4.17.4&#8243; _module_preset=&#8221;default&#8221; global_colors_info=&#8221;{}&#8221;][et_pb_blurb title=&#8221;Address&#8221; use_icon=&#8221;on&#8221; font_icon=&#8221;&#xf279;||fa||900&#8243; icon_color=&#8221;#FFFFFF&#8221; icon_placement=&#8221;left&#8221; image_icon_width=&#8221;24px&#8221; content_max_width=&#8221;100%&#8221; _builder_version=&#8221;4.24.2&#8243; _module_preset=&#8221;341773a8-7d77-4626-b15c-f95399f25521&#8243; header_font=&#8221;|600|||||||&#8221; header_text_color=&#8221;#FFFFFF&#8221; body_font=&#8221;|700|||||||&#8221; body_text_color=&#8221;#FFFFFF&#8221; body_link_text_color=&#8221;#73C345&#8243; animation=&#8221;off&#8221; locked=&#8221;off&#8221; global_colors_info=&#8221;{}&#8221;]<\/p>\n<p>OCMER Co. srl &#8211; Partita IVA: IT08959020150<\/p>\n<p>Via 1\u00b0 Maggio, 33, 20014 Nerviano (MI) Italy<\/p>\n<p>[\/et_pb_blurb][et_pb_blurb title=&#8221;Email&#8221; use_icon=&#8221;on&#8221; font_icon=&#8221;&#xf2b6;||fa||900&#8243; icon_color=&#8221;#FFFFFF&#8221; icon_placement=&#8221;left&#8221; image_icon_width=&#8221;24px&#8221; content_max_width=&#8221;100%&#8221; _builder_version=&#8221;4.24.2&#8243; _module_preset=&#8221;341773a8-7d77-4626-b15c-f95399f25521&#8243; header_font=&#8221;|600|||||||&#8221; header_text_color=&#8221;#FFFFFF&#8221; body_font=&#8221;|700|||||||&#8221; body_text_color=&#8221;#FFFFFF&#8221; body_link_text_color=&#8221;#FFFFFF&#8221; animation=&#8221;off&#8221; locked=&#8221;off&#8221; global_colors_info=&#8221;{}&#8221;]<\/p>\n<p><a href=\"mailto:info@ocmer.it\">info[at]ocmer.it<\/a><\/p>\n<p>[\/et_pb_blurb][et_pb_blurb title=&#8221;Telefono&#8221; use_icon=&#8221;on&#8221; font_icon=&#8221;&#xf879;||fa||900&#8243; icon_color=&#8221;#FFFFFF&#8221; icon_placement=&#8221;left&#8221; image_icon_width=&#8221;24px&#8221; content_max_width=&#8221;100%&#8221; _builder_version=&#8221;4.24.2&#8243; _module_preset=&#8221;341773a8-7d77-4626-b15c-f95399f25521&#8243; header_font=&#8221;|600|||||||&#8221; header_text_color=&#8221;#FFFFFF&#8221; body_font=&#8221;|700|||||||&#8221; body_text_color=&#8221;#FFFFFF&#8221; body_link_text_color=&#8221;#73C345&#8243; animation=&#8221;off&#8221; locked=&#8221;off&#8221; global_colors_info=&#8221;{}&#8221;]<\/p>\n<p><span>+39 0331 415221<\/span><\/p>\n<p>[\/et_pb_blurb][\/et_pb_column][\/et_pb_row][\/et_pb_section]<\/p>\n","protected":false},"excerpt":{"rendered":"<p>Manipolatori Lancia Da Spruzzo\u00a0 per Forni, Siviere, Paniere MANIPOLATORI LANCIA DA SPRUZZO PER FORNI, SIVIERE, PANIERE OCMER\u00a0 ha sviluppato negli anni diverse soluzioni per meccanizzare l\u2019applicazione di refrattario proiettato in paniere, forni e siviere.\u00a0 I bracci da spuzzo Ocmer destinati al rivestimento di paniere sono realizzati sulla base della loro dimensione e dislocazione all\u2019interno del [&hellip;]<\/p>\n","protected":false},"author":2,"featured_media":1790,"parent":124,"menu_order":0,"comment_status":"closed","ping_status":"closed","template":"","meta":{"_et_pb_use_builder":"on","_et_pb_old_content":"","_et_gb_content_width":"","content-type":"","iawp_total_views":253,"footnotes":""},"class_list":["post-1422","page","type-page","status-publish","has-post-thumbnail","hentry"],"yoast_head":"<!-- This site is optimized with the Yoast SEO plugin v27.3 - https:\/\/yoast.com\/product\/yoast-seo-wordpress\/ -->\n<title>Manipolatori Lancia da Spruzzo per Forni, Siviere e Paniere | Ocmer.it<\/title>\n<meta name=\"description\" content=\"Scopri i Manipolatori Lancia da Spruzzo Ocmer per la Meccanizzazione dell&#039;Applicazione di Refrattario in Forni, Siviere e Paniere.\" \/>\n<meta name=\"robots\" content=\"index, follow, max-snippet:-1, max-image-preview:large, max-video-preview:-1\" \/>\n<link rel=\"canonical\" href=\"https:\/\/www.ocmer.it\/es\/masas-refractarias-proyectadas\/manipuladores-lanza-pulverizadora\/\" \/>\n<meta property=\"og:locale\" content=\"es_ES\" \/>\n<meta property=\"og:type\" content=\"article\" \/>\n<meta property=\"og:title\" content=\"Manipolatori Lancia da Spruzzo per Forni, Siviere e Paniere | Ocmer.it\" \/>\n<meta property=\"og:description\" content=\"Scopri i Manipolatori Lancia da Spruzzo Ocmer per la Meccanizzazione dell&#039;Applicazione di Refrattario in Forni, Siviere e Paniere.\" \/>\n<meta property=\"og:url\" content=\"https:\/\/www.ocmer.it\/es\/masas-refractarias-proyectadas\/manipuladores-lanza-pulverizadora\/\" \/>\n<meta property=\"og:site_name\" content=\"OCMER CO SRL\" \/>\n<meta property=\"article:modified_time\" content=\"2025-05-29T08:21:30+00:00\" \/>\n<meta property=\"og:image\" content=\"https:\/\/www.ocmer.it\/wp-content\/uploads\/2024\/06\/OCMER-manipolatori_2.jpg\" \/>\n\t<meta property=\"og:image:width\" content=\"1920\" \/>\n\t<meta property=\"og:image:height\" content=\"1080\" \/>\n\t<meta property=\"og:image:type\" content=\"image\/jpeg\" \/>\n<meta name=\"twitter:card\" content=\"summary_large_image\" \/>\n<meta name=\"twitter:label1\" content=\"Tiempo de lectura\" \/>\n\t<meta name=\"twitter:data1\" content=\"2 minutos\" \/>\n<script type=\"application\/ld+json\" class=\"yoast-schema-graph\">{\"@context\":\"https:\\\/\\\/schema.org\",\"@graph\":[{\"@type\":\"WebPage\",\"@id\":\"https:\\\/\\\/www.ocmer.it\\\/masse-refrattarie-proiettate\\\/manipolatori-lancia-da-spruzzo\\\/\",\"url\":\"https:\\\/\\\/www.ocmer.it\\\/masse-refrattarie-proiettate\\\/manipolatori-lancia-da-spruzzo\\\/\",\"name\":\"Manipolatori Lancia da Spruzzo per Forni, Siviere e Paniere | Ocmer.it\",\"isPartOf\":{\"@id\":\"https:\\\/\\\/www.ocmer.it\\\/#website\"},\"primaryImageOfPage\":{\"@id\":\"https:\\\/\\\/www.ocmer.it\\\/masse-refrattarie-proiettate\\\/manipolatori-lancia-da-spruzzo\\\/#primaryimage\"},\"image\":{\"@id\":\"https:\\\/\\\/www.ocmer.it\\\/masse-refrattarie-proiettate\\\/manipolatori-lancia-da-spruzzo\\\/#primaryimage\"},\"thumbnailUrl\":\"https:\\\/\\\/www.ocmer.it\\\/wp-content\\\/uploads\\\/2024\\\/06\\\/OCMER-manipolatori_2.jpg\",\"datePublished\":\"2024-05-03T10:59:32+00:00\",\"dateModified\":\"2025-05-29T08:21:30+00:00\",\"description\":\"Scopri i Manipolatori Lancia da Spruzzo Ocmer per la Meccanizzazione dell'Applicazione di Refrattario in Forni, Siviere e Paniere.\",\"breadcrumb\":{\"@id\":\"https:\\\/\\\/www.ocmer.it\\\/masse-refrattarie-proiettate\\\/manipolatori-lancia-da-spruzzo\\\/#breadcrumb\"},\"inLanguage\":\"es\",\"potentialAction\":[{\"@type\":\"ReadAction\",\"target\":[\"https:\\\/\\\/www.ocmer.it\\\/masse-refrattarie-proiettate\\\/manipolatori-lancia-da-spruzzo\\\/\"]}]},{\"@type\":\"ImageObject\",\"inLanguage\":\"es\",\"@id\":\"https:\\\/\\\/www.ocmer.it\\\/masse-refrattarie-proiettate\\\/manipolatori-lancia-da-spruzzo\\\/#primaryimage\",\"url\":\"https:\\\/\\\/www.ocmer.it\\\/wp-content\\\/uploads\\\/2024\\\/06\\\/OCMER-manipolatori_2.jpg\",\"contentUrl\":\"https:\\\/\\\/www.ocmer.it\\\/wp-content\\\/uploads\\\/2024\\\/06\\\/OCMER-manipolatori_2.jpg\",\"width\":1920,\"height\":1080},{\"@type\":\"BreadcrumbList\",\"@id\":\"https:\\\/\\\/www.ocmer.it\\\/masse-refrattarie-proiettate\\\/manipolatori-lancia-da-spruzzo\\\/#breadcrumb\",\"itemListElement\":[{\"@type\":\"ListItem\",\"position\":1,\"name\":\"Home\",\"item\":\"https:\\\/\\\/www.ocmer.it\\\/\"},{\"@type\":\"ListItem\",\"position\":2,\"name\":\"Masse Refrattarie Proiettate\",\"item\":\"https:\\\/\\\/www.ocmer.it\\\/masse-refrattarie-proiettate\\\/\"},{\"@type\":\"ListItem\",\"position\":3,\"name\":\"Manipolatori Lancia da Spruzzo per Forni, Siviere, Paniere\"}]},{\"@type\":\"WebSite\",\"@id\":\"https:\\\/\\\/www.ocmer.it\\\/#website\",\"url\":\"https:\\\/\\\/www.ocmer.it\\\/\",\"name\":\"OCMER CO SRL\",\"description\":\"Machines and Equipment for Sprayed Concrete and Refractory Mixes Applications\",\"publisher\":{\"@id\":\"https:\\\/\\\/www.ocmer.it\\\/#organization\"},\"potentialAction\":[{\"@type\":\"SearchAction\",\"target\":{\"@type\":\"EntryPoint\",\"urlTemplate\":\"https:\\\/\\\/www.ocmer.it\\\/?s={search_term_string}\"},\"query-input\":{\"@type\":\"PropertyValueSpecification\",\"valueRequired\":true,\"valueName\":\"search_term_string\"}}],\"inLanguage\":\"es\"},{\"@type\":\"Organization\",\"@id\":\"https:\\\/\\\/www.ocmer.it\\\/#organization\",\"name\":\"OCMER CO SRL\",\"url\":\"https:\\\/\\\/www.ocmer.it\\\/\",\"logo\":{\"@type\":\"ImageObject\",\"inLanguage\":\"es\",\"@id\":\"https:\\\/\\\/www.ocmer.it\\\/#\\\/schema\\\/logo\\\/image\\\/\",\"url\":\"https:\\\/\\\/www.ocmer.it\\\/wp-content\\\/uploads\\\/2024\\\/03\\\/3.png\",\"contentUrl\":\"https:\\\/\\\/www.ocmer.it\\\/wp-content\\\/uploads\\\/2024\\\/03\\\/3.png\",\"width\":500,\"height\":500,\"caption\":\"OCMER CO SRL\"},\"image\":{\"@id\":\"https:\\\/\\\/www.ocmer.it\\\/#\\\/schema\\\/logo\\\/image\\\/\"}}]}<\/script>\n<!-- \/ Yoast SEO plugin. -->","yoast_head_json":{"title":"Manipuladores Lanza Pulverizadora para Hornos, Cucharones y Fuentes | Ocmer.it","description":"Descubra los Manipuladores Lanza Pulverizadoras Ocmer para la Proyecci\u00f3n de Refractarios en Hornos, Cucharas, Artesa.","robots":{"index":"index","follow":"follow","max-snippet":"max-snippet:-1","max-image-preview":"max-image-preview:large","max-video-preview":"max-video-preview:-1"},"canonical":"https:\/\/www.ocmer.it\/es\/masas-refractarias-proyectadas\/manipuladores-lanza-pulverizadora\/","og_locale":"es_ES","og_type":"article","og_title":"Manipolatori Lancia da Spruzzo per Forni, Siviere e Paniere | Ocmer.it","og_description":"Scopri i Manipolatori Lancia da Spruzzo Ocmer per la Meccanizzazione dell'Applicazione di Refrattario in Forni, Siviere e Paniere.","og_url":"https:\/\/www.ocmer.it\/es\/masas-refractarias-proyectadas\/manipuladores-lanza-pulverizadora\/","og_site_name":"OCMER CO SRL","article_modified_time":"2025-05-29T08:21:30+00:00","og_image":[{"width":1920,"height":1080,"url":"https:\/\/www.ocmer.it\/wp-content\/uploads\/2024\/06\/OCMER-manipolatori_2.jpg","type":"image\/jpeg"}],"twitter_card":"summary_large_image","twitter_misc":{"Tiempo de lectura":"2 minutos"},"schema":{"@context":"https:\/\/schema.org","@graph":[{"@type":"WebPage","@id":"https:\/\/www.ocmer.it\/masse-refrattarie-proiettate\/manipolatori-lancia-da-spruzzo\/","url":"https:\/\/www.ocmer.it\/masse-refrattarie-proiettate\/manipolatori-lancia-da-spruzzo\/","name":"Manipuladores Lanza Pulverizadora para Hornos, Cucharones y Fuentes | Ocmer.it","isPartOf":{"@id":"https:\/\/www.ocmer.it\/#website"},"primaryImageOfPage":{"@id":"https:\/\/www.ocmer.it\/masse-refrattarie-proiettate\/manipolatori-lancia-da-spruzzo\/#primaryimage"},"image":{"@id":"https:\/\/www.ocmer.it\/masse-refrattarie-proiettate\/manipolatori-lancia-da-spruzzo\/#primaryimage"},"thumbnailUrl":"https:\/\/www.ocmer.it\/wp-content\/uploads\/2024\/06\/OCMER-manipolatori_2.jpg","datePublished":"2024-05-03T10:59:32+00:00","dateModified":"2025-05-29T08:21:30+00:00","description":"Descubra los Manipuladores Lanza Pulverizadoras Ocmer para la Proyecci\u00f3n de Refractarios en Hornos, Cucharas, Artesa.","breadcrumb":{"@id":"https:\/\/www.ocmer.it\/masse-refrattarie-proiettate\/manipolatori-lancia-da-spruzzo\/#breadcrumb"},"inLanguage":"es","potentialAction":[{"@type":"ReadAction","target":["https:\/\/www.ocmer.it\/masse-refrattarie-proiettate\/manipolatori-lancia-da-spruzzo\/"]}]},{"@type":"ImageObject","inLanguage":"es","@id":"https:\/\/www.ocmer.it\/masse-refrattarie-proiettate\/manipolatori-lancia-da-spruzzo\/#primaryimage","url":"https:\/\/www.ocmer.it\/wp-content\/uploads\/2024\/06\/OCMER-manipolatori_2.jpg","contentUrl":"https:\/\/www.ocmer.it\/wp-content\/uploads\/2024\/06\/OCMER-manipolatori_2.jpg","width":1920,"height":1080},{"@type":"BreadcrumbList","@id":"https:\/\/www.ocmer.it\/masse-refrattarie-proiettate\/manipolatori-lancia-da-spruzzo\/#breadcrumb","itemListElement":[{"@type":"ListItem","position":1,"name":"Home","item":"https:\/\/www.ocmer.it\/"},{"@type":"ListItem","position":2,"name":"Masse Refrattarie Proiettate","item":"https:\/\/www.ocmer.it\/masse-refrattarie-proiettate\/"},{"@type":"ListItem","position":3,"name":"Manipolatori Lancia da Spruzzo per Forni, Siviere, Paniere"}]},{"@type":"WebSite","@id":"https:\/\/www.ocmer.it\/#website","url":"https:\/\/www.ocmer.it\/","name":"OCMER CO SRL","description":"Machines and Equipment for Sprayed Concrete and Refractory Mixes Applications","publisher":{"@id":"https:\/\/www.ocmer.it\/#organization"},"potentialAction":[{"@type":"SearchAction","target":{"@type":"EntryPoint","urlTemplate":"https:\/\/www.ocmer.it\/?s={search_term_string}"},"query-input":{"@type":"PropertyValueSpecification","valueRequired":true,"valueName":"search_term_string"}}],"inLanguage":"es"},{"@type":"Organization","@id":"https:\/\/www.ocmer.it\/#organization","name":"OCMER CO SRL","url":"https:\/\/www.ocmer.it\/","logo":{"@type":"ImageObject","inLanguage":"es","@id":"https:\/\/www.ocmer.it\/#\/schema\/logo\/image\/","url":"https:\/\/www.ocmer.it\/wp-content\/uploads\/2024\/03\/3.png","contentUrl":"https:\/\/www.ocmer.it\/wp-content\/uploads\/2024\/03\/3.png","width":500,"height":500,"caption":"OCMER CO SRL"},"image":{"@id":"https:\/\/www.ocmer.it\/#\/schema\/logo\/image\/"}}]}},"_links":{"self":[{"href":"https:\/\/www.ocmer.it\/es\/wp-json\/wp\/v2\/pages\/1422","targetHints":{"allow":["GET"]}}],"collection":[{"href":"https:\/\/www.ocmer.it\/es\/wp-json\/wp\/v2\/pages"}],"about":[{"href":"https:\/\/www.ocmer.it\/es\/wp-json\/wp\/v2\/types\/page"}],"author":[{"embeddable":true,"href":"https:\/\/www.ocmer.it\/es\/wp-json\/wp\/v2\/users\/2"}],"replies":[{"embeddable":true,"href":"https:\/\/www.ocmer.it\/es\/wp-json\/wp\/v2\/comments?post=1422"}],"version-history":[{"count":14,"href":"https:\/\/www.ocmer.it\/es\/wp-json\/wp\/v2\/pages\/1422\/revisions"}],"predecessor-version":[{"id":2436,"href":"https:\/\/www.ocmer.it\/es\/wp-json\/wp\/v2\/pages\/1422\/revisions\/2436"}],"up":[{"embeddable":true,"href":"https:\/\/www.ocmer.it\/es\/wp-json\/wp\/v2\/pages\/124"}],"wp:featuredmedia":[{"embeddable":true,"href":"https:\/\/www.ocmer.it\/es\/wp-json\/wp\/v2\/media\/1790"}],"wp:attachment":[{"href":"https:\/\/www.ocmer.it\/es\/wp-json\/wp\/v2\/media?parent=1422"}],"curies":[{"name":"wp","href":"https:\/\/api.w.org\/{rel}","templated":true}]}}