{"id":694,"date":"2024-04-19T16:40:41","date_gmt":"2024-04-19T14:40:41","guid":{"rendered":"https:\/\/www.ocmer.it\/?page_id=694"},"modified":"2025-05-29T10:09:06","modified_gmt":"2025-05-29T08:09:06","slug":"estaciones-proyeccion-masas-refractarias","status":"publish","type":"page","link":"https:\/\/www.ocmer.it\/es\/masas-refractarias-proyectadas\/estaciones-proyeccion-masas-refractarias\/","title":{"rendered":"Stazioni Proiezione Masse Refrattarie"},"content":{"rendered":"<p>[et_pb_section fb_built=&#8221;1&#8243; admin_label=&#8221;Header&#8221; _builder_version=&#8221;4.25.1&#8243; _module_preset=&#8221;default&#8221; background_image=&#8221;https:\/\/www.ocmer.it\/wp-content\/uploads\/2024\/05\/STAZIONI-HOME-PAGE-2-scaled.jpg&#8221; custom_margin=&#8221;||-3px|||&#8221; custom_padding=&#8221;126px||126px||true|false&#8221; locked=&#8221;off&#8221; collapsed=&#8221;on&#8221; global_colors_info=&#8221;{}&#8221;][et_pb_row column_structure=&#8221;3_4,1_4&#8243; _builder_version=&#8221;4.24.2&#8243; _module_preset=&#8221;default&#8221; custom_padding=&#8221;||0px|||&#8221; global_colors_info=&#8221;{}&#8221;][et_pb_column type=&#8221;3_4&#8243; _builder_version=&#8221;4.20.0&#8243; _module_preset=&#8221;default&#8221; global_colors_info=&#8221;{}&#8221;][et_pb_text _builder_version=&#8221;4.25.1&#8243; _module_preset=&#8221;_initial&#8221; text_text_color=&#8221;#FFFFFF&#8221; header_font=&#8221;Roboto Condensed|700||on|||||&#8221; header_text_color=&#8221;#FFFFFF&#8221; header_font_size=&#8221;60px&#8221; header_line_height=&#8221;1.2em&#8221; header_2_text_color=&#8221;#FFFFFF&#8221; background_color=&#8221;RGBA(255,255,255,0)&#8221; text_orientation=&#8221;center&#8221; custom_margin=&#8221;||10px||false|false&#8221; header_font_size_tablet=&#8221;40px&#8221; header_font_size_phone=&#8221;24px&#8221; header_font_size_last_edited=&#8221;on|desktop&#8221; global_colors_info=&#8221;{}&#8221;]<\/p>\n<h1 style=\"text-align: left;\">Stazioni Per LA PROIEZIONE Di Masse Refrattarie<\/h1>\n<p>[\/et_pb_text][\/et_pb_column][et_pb_column type=&#8221;1_4&#8243; _builder_version=&#8221;4.20.0&#8243; _module_preset=&#8221;default&#8221; global_colors_info=&#8221;{}&#8221;][\/et_pb_column][\/et_pb_row][\/et_pb_section][et_pb_section fb_built=&#8221;1&#8243; specialty=&#8221;on&#8221; background_color_1=&#8221;#FFA500&#8243; _builder_version=&#8221;4.24.2&#8243; _module_preset=&#8221;default&#8221; custom_padding=&#8221;0px||0px|||&#8221; collapsed=&#8221;off&#8221; global_colors_info=&#8221;{}&#8221;][et_pb_column type=&#8221;1_3&#8243; _builder_version=&#8221;4.16&#8243; custom_padding=&#8221;|||&#8221; global_colors_info=&#8221;{}&#8221; custom_padding__hover=&#8221;|||&#8221;][et_pb_divider show_divider=&#8221;off&#8221; _builder_version=&#8221;4.24.2&#8243; _module_preset=&#8221;default&#8221; global_colors_info=&#8221;{}&#8221;][\/et_pb_divider][et_pb_divider show_divider=&#8221;off&#8221; _builder_version=&#8221;4.24.2&#8243; _module_preset=&#8221;default&#8221; global_colors_info=&#8221;{}&#8221;][\/et_pb_divider][et_pb_text _builder_version=&#8221;4.25.1&#8243; _module_preset=&#8221;default&#8221; custom_padding=&#8221;|||20px|false|false&#8221; global_colors_info=&#8221;{}&#8221;]<\/p>\n<h4><span style=\"color: #ffffff;\"><strong>Scopri le nostre stazioni per la proiezione di\u00a0 masse refrattarie:<\/strong><\/span><\/h4>\n<p>[\/et_pb_text][et_pb_button button_url=&#8221;https:\/\/www.ocmer.it\/macchine-a-rotore-masse-refrattarie\/ocm-016-silo\/&#8221; button_text=&#8221;OCM-016 SIMPLEX SILO&#8221; button_alignment=&#8221;right&#8221; _builder_version=&#8221;4.25.1&#8243; _module_preset=&#8221;default&#8221; custom_button=&#8221;on&#8221; button_text_size=&#8221;16px&#8221; button_text_color=&#8221;#6B6B6B&#8221; button_bg_color=&#8221;#D6D6D6&#8243; button_border_color=&#8221;RGBA(255,255,255,0)&#8221; button_font=&#8221;|600|||||||&#8221; button_icon=&#8221;&#x3d;||divi||400&#8243; button_icon_color=&#8221;#FFA500&#8243; button_icon_placement=&#8221;left&#8221; custom_margin=&#8221;||||false|false&#8221; custom_padding=&#8221;|35px|||false|false&#8221; button_text_shadow_style=&#8221;preset1&#8243; button_text_shadow_color=&#8221;RGBA(255,255,255,0)&#8221; global_colors_info=&#8221;{}&#8221;][\/et_pb_button][et_pb_button button_url=&#8221;https:\/\/www.ocmer.it\/macchine-a-rotore-masse-refrattarie\/ocm-030-silo\/&#8221; button_text=&#8221;OCM-030 Compatta SILO&#8221; button_alignment=&#8221;right&#8221; _builder_version=&#8221;4.25.1&#8243; _module_preset=&#8221;default&#8221; custom_button=&#8221;on&#8221; button_text_size=&#8221;16px&#8221; button_text_color=&#8221;#6B6B6B&#8221; button_bg_color=&#8221;#D6D6D6&#8243; button_border_color=&#8221;RGBA(255,255,255,0)&#8221; button_font=&#8221;|600|||||||&#8221; button_icon=&#8221;&#x3d;||divi||400&#8243; button_icon_color=&#8221;#FFA500&#8243; button_icon_placement=&#8221;left&#8221; custom_margin=&#8221;||||false|false&#8221; custom_padding=&#8221;|25px|||false|false&#8221; button_text_shadow_style=&#8221;preset1&#8243; button_text_shadow_color=&#8221;RGBA(255,255,255,0)&#8221; global_colors_info=&#8221;{}&#8221;][\/et_pb_button][et_pb_button button_url=&#8221;https:\/\/www.ocmer.it\/impianti-miscelazione-e-spruzzo\/oafm-030s-4-0-smart\/&#8221; button_text=&#8221;OAFM 030S 4.0 SMART&#8221; button_alignment=&#8221;right&#8221; _builder_version=&#8221;4.25.1&#8243; _module_preset=&#8221;default&#8221; custom_button=&#8221;on&#8221; button_text_size=&#8221;16px&#8221; button_text_color=&#8221;#6B6B6B&#8221; button_bg_color=&#8221;#D6D6D6&#8243; button_border_color=&#8221;RGBA(255,255,255,0)&#8221; button_font=&#8221;|600|||||||&#8221; button_icon=&#8221;&#x3d;||divi||400&#8243; button_icon_color=&#8221;#FFA500&#8243; button_icon_placement=&#8221;left&#8221; custom_margin=&#8221;||||false|false&#8221; custom_padding=&#8221;|45px|||false|false&#8221; button_text_shadow_style=&#8221;preset1&#8243; button_text_shadow_color=&#8221;RGBA(255,255,255,0)&#8221; global_colors_info=&#8221;{}&#8221;][\/et_pb_button][et_pb_divider show_divider=&#8221;off&#8221; _builder_version=&#8221;4.24.2&#8243; _module_preset=&#8221;default&#8221; global_colors_info=&#8221;{}&#8221;][\/et_pb_divider][et_pb_divider show_divider=&#8221;off&#8221; _builder_version=&#8221;4.24.2&#8243; _module_preset=&#8221;default&#8221; global_colors_info=&#8221;{}&#8221;][\/et_pb_divider][et_pb_divider show_divider=&#8221;off&#8221; _builder_version=&#8221;4.24.2&#8243; _module_preset=&#8221;default&#8221; global_colors_info=&#8221;{}&#8221;][\/et_pb_divider][et_pb_divider show_divider=&#8221;off&#8221; _builder_version=&#8221;4.24.2&#8243; _module_preset=&#8221;default&#8221; global_colors_info=&#8221;{}&#8221;][\/et_pb_divider][et_pb_divider show_divider=&#8221;off&#8221; _builder_version=&#8221;4.24.2&#8243; _module_preset=&#8221;default&#8221; global_colors_info=&#8221;{}&#8221;][\/et_pb_divider][et_pb_divider show_divider=&#8221;off&#8221; _builder_version=&#8221;4.24.2&#8243; _module_preset=&#8221;default&#8221; global_colors_info=&#8221;{}&#8221;][\/et_pb_divider][\/et_pb_column][et_pb_column type=&#8221;2_3&#8243; specialty_columns=&#8221;2&#8243; _builder_version=&#8221;4.16&#8243; custom_padding=&#8221;|||&#8221; global_colors_info=&#8221;{}&#8221; custom_padding__hover=&#8221;|||&#8221;][et_pb_row_inner _builder_version=&#8221;4.24.2&#8243; _module_preset=&#8221;default&#8221; custom_padding=&#8221;83px|||||&#8221; global_colors_info=&#8221;{}&#8221;][et_pb_column_inner saved_specialty_column_type=&#8221;2_3&#8243; _builder_version=&#8221;4.24.2&#8243; _module_preset=&#8221;default&#8221; global_colors_info=&#8221;{}&#8221;][et_pb_text _builder_version=&#8221;4.25.1&#8243; _module_preset=&#8221;_initial&#8221; text_font_size=&#8221;16px&#8221; header_2_font=&#8221;Roboto Condensed||||||||&#8221; header_3_font=&#8221;Roboto Condensed|700|||||||&#8221; header_3_text_color=&#8221;#FFA500&#8243; header_3_font_size=&#8221;23px&#8221; header_4_font=&#8221;Inter|700|||||||&#8221; header_4_font_size=&#8221;24px&#8221; header_4_line_height=&#8221;1.4em&#8221; custom_padding=&#8221;|||3px||&#8221; header_4_font_size_tablet=&#8221;16px&#8221; header_4_font_size_phone=&#8221;15px&#8221; header_4_font_size_last_edited=&#8221;on|desktop&#8221; locked=&#8221;off&#8221; global_colors_info=&#8221;{}&#8221;]<\/p>\n<h3><span style=\"font-weight: 400;\"><strong>STAZIONI PER LA PROIEZIONE\u00a0 DI MASSE REFRATTARIE ALL&#8217;INTERNO DI FORNI E SIVIERE<\/strong><\/span><\/h3>\n<p><span style=\"font-weight: 400;\"><strong><\/strong><\/span><\/p>\n<p><span style=\"font-weight: 400;\"><strong><\/strong><\/span><\/p>\n<p><span style=\"font-weight: 400;\">Le stazioni per lo spruzzo di masse refrattarie all\u2019interno di forni e siviere, principalmente dedicate all\u2019industria dell\u2019acciaio, permettono di intervenire in modo immediato (interventi di riparazione a caldo)\u00a0 senza necessit\u00e0 di impiegare personale per alimentare la macchina. Se utilizzate in combinazione coni bracci da spruzzo OCMER appositamente realizzati consentono altres\u00ec di eliminare il lancista, incrementando la sicurezza e alleggerendo il lavoro.\u00a0<\/span><\/p>\n<p>Le strutture possono essere di diversi tipi: a silo singolo ovvero doppio, al fine di stivare due diverse miscele refrattarie.\u00a0 E\u2019 possibile poi montare all\u2019interno della struttura macchine di diversa dimensione con portate sino a 7-8 M3\/h effettivi, rendendo possibili interventi rapidi con conseguente riduzione delle perdite di temperatura. L\u2019uso di macchine di grandi dimensioni consente interventi rapidi e rappresenta una valida e pi\u00f9 performate alternativa ai contenitori in pressione.<\/p>\n<p>Le stazioni possono essere configurate con celle di carico, pompa ad alta pressione per l&#8217;acqua, contalitri digitale, dosatore di additivi liquidi e sistema di registrazione e trasmissione dati. Queste opzioni permettono un controllo completo dei parametri di produzione, inclusi il quantitativo di massa refrattaria proiettata, la percentuale e la temperatura dell&#8217;acqua, la quantit\u00e0 di additivi aggiunti e la pressione sul materiale durante la proiezione.<\/p>\n<p><span style=\"font-weight: 400;\">I dati vengono poi registrati e sono accessibili sia localmente che a distanza tramite dispositivi mobili dotati di connessione wi-fi.<\/span><\/p>\n<p><span style=\"font-weight: 400;\">Le stazioni possono eseguire\u00a0 i cicli di messa in funzione e di arresto in modo automatico (un solo pulsante permette di attivare il ciclo desiderato)\u00a0 oltre a permettere l\u2019esecuzione delle operazioni di manutenzione ordinaria e straordinaria in modo semplice e sicuro.<\/span><\/p>\n<p>[\/et_pb_text][\/et_pb_column_inner][\/et_pb_row_inner][\/et_pb_column][\/et_pb_section][et_pb_section fb_built=&#8221;1&#8243; admin_label=&#8221;Footer&#8221; _builder_version=&#8221;4.24.2&#8243; _module_preset=&#8221;default&#8221; use_background_color_gradient=&#8221;on&#8221; background_color_gradient_stops=&#8221;#242424 31%|#242424 100%&#8221; background_color_gradient_overlays_image=&#8221;on&#8221; background_enable_image=&#8221;off&#8221; saved_tabs=&#8221;all&#8221; collapsed=&#8221;on&#8221; global_colors_info=&#8221;{}&#8221;][et_pb_row column_structure=&#8221;1_3,1_3,1_3&#8243; _builder_version=&#8221;4.17.4&#8243; _module_preset=&#8221;default&#8221; global_colors_info=&#8221;{}&#8221;][et_pb_column type=&#8221;1_3&#8243; _builder_version=&#8221;4.17.4&#8243; _module_preset=&#8221;default&#8221; global_colors_info=&#8221;{}&#8221;][et_pb_image src=&#8221;https:\/\/www.ocmer.it\/wp-content\/uploads\/2024\/05\/OCMER-logo.png&#8221; title_text=&#8221;OCMER logo&#8221; _builder_version=&#8221;4.27.2&#8243; _module_preset=&#8221;default&#8221; width=&#8221;86%&#8221; box_shadow_style=&#8221;preset1&#8243; box_shadow_blur=&#8221;11px&#8221; box_shadow_color=&#8221;#FFFFFF&#8221; global_colors_info=&#8221;{}&#8221;][\/et_pb_image][\/et_pb_column][et_pb_column type=&#8221;1_3&#8243; _builder_version=&#8221;4.17.4&#8243; _module_preset=&#8221;default&#8221; global_colors_info=&#8221;{}&#8221;][et_pb_text _builder_version=&#8221;4.24.2&#8243; _module_preset=&#8221;4c43b4b6-66bf-432d-959a-705bda24a650&#8243; text_font=&#8221;||||||||&#8221; text_text_color=&#8221;#FFFFFF&#8221; text_font_size=&#8221;16px&#8221; custom_margin=&#8221;5px|||||&#8221; header_font_size_tablet=&#8221;55px&#8221; header_font_size_last_edited=&#8221;off|desktop&#8221; global_colors_info=&#8221;{}&#8221;]<\/p>\n<p><span>Desideri maggiori informazioni o hai delle richieste? Compila il modulo con le tue informazioni e le tue domande. Il nostro team sar\u00e0 lieto di aiutarti e ti contatter\u00e0 al pi\u00f9 presto!<\/span><\/p>\n<p>[\/et_pb_text][et_pb_button button_url=&#8221;https:\/\/www.ocmer.it\/contatti\/&#8221; button_text=&#8221;Contattaci&#8221; button_alignment=&#8221;left&#8221; _builder_version=&#8221;4.27.2&#8243; _module_preset=&#8221;default&#8221; custom_button=&#8221;on&#8221; button_text_color=&#8221;#FFFFFF&#8221; button_bg_color=&#8221;#FFA500&#8243; button_border_color=&#8221;RGBA(255,255,255,0)&#8221; button_border_radius=&#8221;7px&#8221; global_colors_info=&#8221;{}&#8221;][\/et_pb_button][\/et_pb_column][et_pb_column type=&#8221;1_3&#8243; _builder_version=&#8221;4.17.4&#8243; _module_preset=&#8221;default&#8221; global_colors_info=&#8221;{}&#8221;][et_pb_blurb title=&#8221;Address&#8221; use_icon=&#8221;on&#8221; font_icon=&#8221;&#xf279;||fa||900&#8243; icon_color=&#8221;#FFFFFF&#8221; icon_placement=&#8221;left&#8221; image_icon_width=&#8221;24px&#8221; content_max_width=&#8221;100%&#8221; _builder_version=&#8221;4.24.2&#8243; _module_preset=&#8221;341773a8-7d77-4626-b15c-f95399f25521&#8243; header_font=&#8221;|600|||||||&#8221; header_text_color=&#8221;#FFFFFF&#8221; body_font=&#8221;|700|||||||&#8221; body_text_color=&#8221;#FFFFFF&#8221; body_link_text_color=&#8221;#73C345&#8243; animation=&#8221;off&#8221; locked=&#8221;off&#8221; global_colors_info=&#8221;{}&#8221;]<\/p>\n<p>OCMER Co. srl &#8211; Partita IVA: IT08959020150<\/p>\n<p>Via 1\u00b0 Maggio, 33, 20014 Nerviano (MI) Italy<\/p>\n<p>[\/et_pb_blurb][et_pb_blurb title=&#8221;Email&#8221; use_icon=&#8221;on&#8221; font_icon=&#8221;&#xf2b6;||fa||900&#8243; icon_color=&#8221;#FFFFFF&#8221; icon_placement=&#8221;left&#8221; image_icon_width=&#8221;24px&#8221; content_max_width=&#8221;100%&#8221; _builder_version=&#8221;4.24.2&#8243; _module_preset=&#8221;341773a8-7d77-4626-b15c-f95399f25521&#8243; header_font=&#8221;|600|||||||&#8221; header_text_color=&#8221;#FFFFFF&#8221; body_font=&#8221;|700|||||||&#8221; body_text_color=&#8221;#FFFFFF&#8221; body_link_text_color=&#8221;#FFFFFF&#8221; animation=&#8221;off&#8221; locked=&#8221;off&#8221; global_colors_info=&#8221;{}&#8221;]<\/p>\n<p><a href=\"mailto:info@ocmer.it\">info[at]ocmer.it<\/a><\/p>\n<p>[\/et_pb_blurb][et_pb_blurb title=&#8221;Telefono&#8221; use_icon=&#8221;on&#8221; font_icon=&#8221;&#xf879;||fa||900&#8243; icon_color=&#8221;#FFFFFF&#8221; icon_placement=&#8221;left&#8221; image_icon_width=&#8221;24px&#8221; content_max_width=&#8221;100%&#8221; _builder_version=&#8221;4.24.2&#8243; _module_preset=&#8221;341773a8-7d77-4626-b15c-f95399f25521&#8243; header_font=&#8221;|600|||||||&#8221; header_text_color=&#8221;#FFFFFF&#8221; body_font=&#8221;|700|||||||&#8221; body_text_color=&#8221;#FFFFFF&#8221; body_link_text_color=&#8221;#73C345&#8243; animation=&#8221;off&#8221; locked=&#8221;off&#8221; global_colors_info=&#8221;{}&#8221;]<\/p>\n<p><span>+39 0331 415221<\/span><\/p>\n<p>[\/et_pb_blurb][\/et_pb_column][\/et_pb_row][\/et_pb_section]<\/p>\n","protected":false},"excerpt":{"rendered":"<p>Stazioni Per LA PROIEZIONE Di Masse RefrattarieScopri le nostre stazioni per la proiezione di\u00a0 masse refrattarie:STAZIONI PER LA PROIEZIONE\u00a0 DI MASSE REFRATTARIE ALL&#8217;INTERNO DI FORNI E SIVIERE Le stazioni per lo spruzzo di masse refrattarie all\u2019interno di forni e siviere, principalmente dedicate all\u2019industria dell\u2019acciaio, permettono di intervenire in modo immediato (interventi di riparazione a caldo)\u00a0 [&hellip;]<\/p>\n","protected":false},"author":2,"featured_media":1457,"parent":124,"menu_order":0,"comment_status":"closed","ping_status":"closed","template":"","meta":{"_et_pb_use_builder":"on","_et_pb_old_content":"","_et_gb_content_width":"","content-type":"","iawp_total_views":114,"footnotes":""},"class_list":["post-694","page","type-page","status-publish","has-post-thumbnail","hentry"],"yoast_head":"<!-- This site is optimized with the Yoast SEO plugin v27.3 - https:\/\/yoast.com\/product\/yoast-seo-wordpress\/ -->\n<title>Stazioni Proiezione Masse Refrattarie | Ocmer.it<\/title>\n<meta name=\"description\" content=\"Scopri le Stazioni per la Priezione di Masse Refrattarie di Ocmer, Progettate per Migliorare la Sicurezza e l&#039;Efficienza nella Manutenzione di Forni e Siviere.\" \/>\n<meta name=\"robots\" content=\"index, follow, max-snippet:-1, max-image-preview:large, max-video-preview:-1\" \/>\n<link rel=\"canonical\" href=\"https:\/\/www.ocmer.it\/es\/masas-refractarias-proyectadas\/estaciones-proyeccion-masas-refractarias\/\" \/>\n<meta property=\"og:locale\" content=\"es_ES\" \/>\n<meta property=\"og:type\" content=\"article\" \/>\n<meta property=\"og:title\" content=\"Stazioni Proiezione Masse Refrattarie | Ocmer.it\" \/>\n<meta property=\"og:description\" content=\"Scopri le Stazioni per la Priezione di Masse Refrattarie di Ocmer, Progettate per Migliorare la Sicurezza e l&#039;Efficienza nella Manutenzione di Forni e Siviere.\" \/>\n<meta property=\"og:url\" content=\"https:\/\/www.ocmer.it\/es\/masas-refractarias-proyectadas\/estaciones-proyeccion-masas-refractarias\/\" \/>\n<meta property=\"og:site_name\" content=\"OCMER CO SRL\" \/>\n<meta property=\"article:modified_time\" content=\"2025-05-29T08:09:06+00:00\" \/>\n<meta property=\"og:image\" content=\"https:\/\/www.ocmer.it\/wp-content\/uploads\/2024\/05\/SSTAZIONI-SPRUZZO-scaled.jpg\" \/>\n\t<meta property=\"og:image:width\" content=\"2560\" \/>\n\t<meta property=\"og:image:height\" content=\"1920\" \/>\n\t<meta property=\"og:image:type\" content=\"image\/jpeg\" \/>\n<meta name=\"twitter:card\" content=\"summary_large_image\" \/>\n<meta name=\"twitter:label1\" content=\"Tiempo de lectura\" \/>\n\t<meta name=\"twitter:data1\" content=\"3 minutos\" \/>\n<script type=\"application\/ld+json\" class=\"yoast-schema-graph\">{\"@context\":\"https:\\\/\\\/schema.org\",\"@graph\":[{\"@type\":\"WebPage\",\"@id\":\"https:\\\/\\\/www.ocmer.it\\\/masse-refrattarie-proiettate\\\/stazioni-proiezione-masse-refrattarie\\\/\",\"url\":\"https:\\\/\\\/www.ocmer.it\\\/masse-refrattarie-proiettate\\\/stazioni-proiezione-masse-refrattarie\\\/\",\"name\":\"Stazioni Proiezione Masse Refrattarie | Ocmer.it\",\"isPartOf\":{\"@id\":\"https:\\\/\\\/www.ocmer.it\\\/#website\"},\"primaryImageOfPage\":{\"@id\":\"https:\\\/\\\/www.ocmer.it\\\/masse-refrattarie-proiettate\\\/stazioni-proiezione-masse-refrattarie\\\/#primaryimage\"},\"image\":{\"@id\":\"https:\\\/\\\/www.ocmer.it\\\/masse-refrattarie-proiettate\\\/stazioni-proiezione-masse-refrattarie\\\/#primaryimage\"},\"thumbnailUrl\":\"https:\\\/\\\/www.ocmer.it\\\/wp-content\\\/uploads\\\/2024\\\/05\\\/SSTAZIONI-SPRUZZO-scaled.jpg\",\"datePublished\":\"2024-04-19T14:40:41+00:00\",\"dateModified\":\"2025-05-29T08:09:06+00:00\",\"description\":\"Scopri le Stazioni per la Priezione di Masse Refrattarie di Ocmer, Progettate per Migliorare la Sicurezza e l'Efficienza nella Manutenzione di Forni e Siviere.\",\"breadcrumb\":{\"@id\":\"https:\\\/\\\/www.ocmer.it\\\/masse-refrattarie-proiettate\\\/stazioni-proiezione-masse-refrattarie\\\/#breadcrumb\"},\"inLanguage\":\"es\",\"potentialAction\":[{\"@type\":\"ReadAction\",\"target\":[\"https:\\\/\\\/www.ocmer.it\\\/masse-refrattarie-proiettate\\\/stazioni-proiezione-masse-refrattarie\\\/\"]}]},{\"@type\":\"ImageObject\",\"inLanguage\":\"es\",\"@id\":\"https:\\\/\\\/www.ocmer.it\\\/masse-refrattarie-proiettate\\\/stazioni-proiezione-masse-refrattarie\\\/#primaryimage\",\"url\":\"https:\\\/\\\/www.ocmer.it\\\/wp-content\\\/uploads\\\/2024\\\/05\\\/SSTAZIONI-SPRUZZO-scaled.jpg\",\"contentUrl\":\"https:\\\/\\\/www.ocmer.it\\\/wp-content\\\/uploads\\\/2024\\\/05\\\/SSTAZIONI-SPRUZZO-scaled.jpg\",\"width\":2560,\"height\":1920},{\"@type\":\"BreadcrumbList\",\"@id\":\"https:\\\/\\\/www.ocmer.it\\\/masse-refrattarie-proiettate\\\/stazioni-proiezione-masse-refrattarie\\\/#breadcrumb\",\"itemListElement\":[{\"@type\":\"ListItem\",\"position\":1,\"name\":\"Home\",\"item\":\"https:\\\/\\\/www.ocmer.it\\\/\"},{\"@type\":\"ListItem\",\"position\":2,\"name\":\"Masse Refrattarie Proiettate\",\"item\":\"https:\\\/\\\/www.ocmer.it\\\/masse-refrattarie-proiettate\\\/\"},{\"@type\":\"ListItem\",\"position\":3,\"name\":\"Stazioni Proiezione Masse Refrattarie\"}]},{\"@type\":\"WebSite\",\"@id\":\"https:\\\/\\\/www.ocmer.it\\\/#website\",\"url\":\"https:\\\/\\\/www.ocmer.it\\\/\",\"name\":\"OCMER CO SRL\",\"description\":\"Machines and Equipment for Sprayed Concrete and Refractory Mixes Applications\",\"publisher\":{\"@id\":\"https:\\\/\\\/www.ocmer.it\\\/#organization\"},\"potentialAction\":[{\"@type\":\"SearchAction\",\"target\":{\"@type\":\"EntryPoint\",\"urlTemplate\":\"https:\\\/\\\/www.ocmer.it\\\/?s={search_term_string}\"},\"query-input\":{\"@type\":\"PropertyValueSpecification\",\"valueRequired\":true,\"valueName\":\"search_term_string\"}}],\"inLanguage\":\"es\"},{\"@type\":\"Organization\",\"@id\":\"https:\\\/\\\/www.ocmer.it\\\/#organization\",\"name\":\"OCMER CO SRL\",\"url\":\"https:\\\/\\\/www.ocmer.it\\\/\",\"logo\":{\"@type\":\"ImageObject\",\"inLanguage\":\"es\",\"@id\":\"https:\\\/\\\/www.ocmer.it\\\/#\\\/schema\\\/logo\\\/image\\\/\",\"url\":\"https:\\\/\\\/www.ocmer.it\\\/wp-content\\\/uploads\\\/2024\\\/03\\\/3.png\",\"contentUrl\":\"https:\\\/\\\/www.ocmer.it\\\/wp-content\\\/uploads\\\/2024\\\/03\\\/3.png\",\"width\":500,\"height\":500,\"caption\":\"OCMER CO SRL\"},\"image\":{\"@id\":\"https:\\\/\\\/www.ocmer.it\\\/#\\\/schema\\\/logo\\\/image\\\/\"}}]}<\/script>\n<!-- \/ Yoast SEO plugin. -->","yoast_head_json":{"title":"Estaciones de Proyecci\u00f3n de Masas Refractarias | Ocmer.it","description":"Scopri le Stazioni per la Priezione di Masse Refrattarie di Ocmer, Progettate per Migliorare la Sicurezza e l'Efficienza nella Manutenzione di Forni e Siviere.","robots":{"index":"index","follow":"follow","max-snippet":"max-snippet:-1","max-image-preview":"max-image-preview:large","max-video-preview":"max-video-preview:-1"},"canonical":"https:\/\/www.ocmer.it\/es\/masas-refractarias-proyectadas\/estaciones-proyeccion-masas-refractarias\/","og_locale":"es_ES","og_type":"article","og_title":"Stazioni Proiezione Masse Refrattarie | Ocmer.it","og_description":"Scopri le Stazioni per la Priezione di Masse Refrattarie di Ocmer, Progettate per Migliorare la Sicurezza e l'Efficienza nella Manutenzione di Forni e Siviere.","og_url":"https:\/\/www.ocmer.it\/es\/masas-refractarias-proyectadas\/estaciones-proyeccion-masas-refractarias\/","og_site_name":"OCMER CO SRL","article_modified_time":"2025-05-29T08:09:06+00:00","og_image":[{"width":2560,"height":1920,"url":"https:\/\/www.ocmer.it\/wp-content\/uploads\/2024\/05\/SSTAZIONI-SPRUZZO-scaled.jpg","type":"image\/jpeg"}],"twitter_card":"summary_large_image","twitter_misc":{"Tiempo de lectura":"3 minutos"},"schema":{"@context":"https:\/\/schema.org","@graph":[{"@type":"WebPage","@id":"https:\/\/www.ocmer.it\/masse-refrattarie-proiettate\/stazioni-proiezione-masse-refrattarie\/","url":"https:\/\/www.ocmer.it\/masse-refrattarie-proiettate\/stazioni-proiezione-masse-refrattarie\/","name":"Estaciones de Proyecci\u00f3n de Masas Refractarias | Ocmer.it","isPartOf":{"@id":"https:\/\/www.ocmer.it\/#website"},"primaryImageOfPage":{"@id":"https:\/\/www.ocmer.it\/masse-refrattarie-proiettate\/stazioni-proiezione-masse-refrattarie\/#primaryimage"},"image":{"@id":"https:\/\/www.ocmer.it\/masse-refrattarie-proiettate\/stazioni-proiezione-masse-refrattarie\/#primaryimage"},"thumbnailUrl":"https:\/\/www.ocmer.it\/wp-content\/uploads\/2024\/05\/SSTAZIONI-SPRUZZO-scaled.jpg","datePublished":"2024-04-19T14:40:41+00:00","dateModified":"2025-05-29T08:09:06+00:00","description":"Scopri le Stazioni per la Priezione di Masse Refrattarie di Ocmer, Progettate per Migliorare la Sicurezza e l'Efficienza nella Manutenzione di Forni e Siviere.","breadcrumb":{"@id":"https:\/\/www.ocmer.it\/masse-refrattarie-proiettate\/stazioni-proiezione-masse-refrattarie\/#breadcrumb"},"inLanguage":"es","potentialAction":[{"@type":"ReadAction","target":["https:\/\/www.ocmer.it\/masse-refrattarie-proiettate\/stazioni-proiezione-masse-refrattarie\/"]}]},{"@type":"ImageObject","inLanguage":"es","@id":"https:\/\/www.ocmer.it\/masse-refrattarie-proiettate\/stazioni-proiezione-masse-refrattarie\/#primaryimage","url":"https:\/\/www.ocmer.it\/wp-content\/uploads\/2024\/05\/SSTAZIONI-SPRUZZO-scaled.jpg","contentUrl":"https:\/\/www.ocmer.it\/wp-content\/uploads\/2024\/05\/SSTAZIONI-SPRUZZO-scaled.jpg","width":2560,"height":1920},{"@type":"BreadcrumbList","@id":"https:\/\/www.ocmer.it\/masse-refrattarie-proiettate\/stazioni-proiezione-masse-refrattarie\/#breadcrumb","itemListElement":[{"@type":"ListItem","position":1,"name":"Home","item":"https:\/\/www.ocmer.it\/"},{"@type":"ListItem","position":2,"name":"Masse Refrattarie Proiettate","item":"https:\/\/www.ocmer.it\/masse-refrattarie-proiettate\/"},{"@type":"ListItem","position":3,"name":"Stazioni Proiezione Masse Refrattarie"}]},{"@type":"WebSite","@id":"https:\/\/www.ocmer.it\/#website","url":"https:\/\/www.ocmer.it\/","name":"OCMER CO SRL","description":"Machines and Equipment for Sprayed Concrete and Refractory Mixes Applications","publisher":{"@id":"https:\/\/www.ocmer.it\/#organization"},"potentialAction":[{"@type":"SearchAction","target":{"@type":"EntryPoint","urlTemplate":"https:\/\/www.ocmer.it\/?s={search_term_string}"},"query-input":{"@type":"PropertyValueSpecification","valueRequired":true,"valueName":"search_term_string"}}],"inLanguage":"es"},{"@type":"Organization","@id":"https:\/\/www.ocmer.it\/#organization","name":"OCMER CO SRL","url":"https:\/\/www.ocmer.it\/","logo":{"@type":"ImageObject","inLanguage":"es","@id":"https:\/\/www.ocmer.it\/#\/schema\/logo\/image\/","url":"https:\/\/www.ocmer.it\/wp-content\/uploads\/2024\/03\/3.png","contentUrl":"https:\/\/www.ocmer.it\/wp-content\/uploads\/2024\/03\/3.png","width":500,"height":500,"caption":"OCMER CO SRL"},"image":{"@id":"https:\/\/www.ocmer.it\/#\/schema\/logo\/image\/"}}]}},"_links":{"self":[{"href":"https:\/\/www.ocmer.it\/es\/wp-json\/wp\/v2\/pages\/694","targetHints":{"allow":["GET"]}}],"collection":[{"href":"https:\/\/www.ocmer.it\/es\/wp-json\/wp\/v2\/pages"}],"about":[{"href":"https:\/\/www.ocmer.it\/es\/wp-json\/wp\/v2\/types\/page"}],"author":[{"embeddable":true,"href":"https:\/\/www.ocmer.it\/es\/wp-json\/wp\/v2\/users\/2"}],"replies":[{"embeddable":true,"href":"https:\/\/www.ocmer.it\/es\/wp-json\/wp\/v2\/comments?post=694"}],"version-history":[{"count":49,"href":"https:\/\/www.ocmer.it\/es\/wp-json\/wp\/v2\/pages\/694\/revisions"}],"predecessor-version":[{"id":2430,"href":"https:\/\/www.ocmer.it\/es\/wp-json\/wp\/v2\/pages\/694\/revisions\/2430"}],"up":[{"embeddable":true,"href":"https:\/\/www.ocmer.it\/es\/wp-json\/wp\/v2\/pages\/124"}],"wp:featuredmedia":[{"embeddable":true,"href":"https:\/\/www.ocmer.it\/es\/wp-json\/wp\/v2\/media\/1457"}],"wp:attachment":[{"href":"https:\/\/www.ocmer.it\/es\/wp-json\/wp\/v2\/media?parent=694"}],"curies":[{"name":"wp","href":"https:\/\/api.w.org\/{rel}","templated":true}]}}