{"id":715,"date":"2024-04-19T18:09:45","date_gmt":"2024-04-19T16:09:45","guid":{"rendered":"https:\/\/www.ocmer.it\/?page_id=715"},"modified":"2025-05-29T10:18:30","modified_gmt":"2025-05-29T08:18:30","slug":"instalaciones-refractarias","status":"publish","type":"page","link":"https:\/\/www.ocmer.it\/es\/masas-refractarias-proyectadas\/instalaciones-refractarias\/","title":{"rendered":"Impianti Miscelazione e Spruzzo"},"content":{"rendered":"<p>[et_pb_section fb_built=&#8221;1&#8243; admin_label=&#8221;Header&#8221; _builder_version=&#8221;4.25.1&#8243; _module_preset=&#8221;default&#8221; use_background_color_gradient=&#8221;on&#8221; background_color_gradient_stops=&#8221;#d6d6d6 0%|#000000 99%&#8221; background_image=&#8221;https:\/\/www.ocmer.it\/wp-content\/uploads\/2024\/05\/impianti_2.jpg&#8221; parallax=&#8221;on&#8221; custom_margin=&#8221;||-3px|||&#8221; custom_padding=&#8221;177px||177px||true|false&#8221; locked=&#8221;off&#8221; collapsed=&#8221;on&#8221; global_colors_info=&#8221;{}&#8221;][et_pb_row _builder_version=&#8221;4.20.0&#8243; _module_preset=&#8221;default&#8221; custom_padding=&#8221;||0px|||&#8221; global_colors_info=&#8221;{}&#8221;][et_pb_column type=&#8221;4_4&#8243; _builder_version=&#8221;4.20.0&#8243; _module_preset=&#8221;default&#8221; global_colors_info=&#8221;{}&#8221;][et_pb_text _builder_version=&#8221;4.25.1&#8243; _module_preset=&#8221;_initial&#8221; header_font=&#8221;Roboto Condensed|700||on|||||&#8221; header_text_color=&#8221;#FFFFFF&#8221; header_font_size=&#8221;60px&#8221; header_line_height=&#8221;1.2em&#8221; header_2_text_color=&#8221;#FFFFFF&#8221; header_2_font_size=&#8221;30px&#8221; text_orientation=&#8221;center&#8221; custom_margin=&#8221;||10px||false|false&#8221; header_font_size_tablet=&#8221;40px&#8221; header_font_size_phone=&#8221;24px&#8221; header_font_size_last_edited=&#8221;on|desktop&#8221; global_colors_info=&#8221;{}&#8221;]<\/p>\n<h1 style=\"text-align: left;\">IMPIANTI<\/h1>\n<h2 style=\"text-align: left;\">per la Miscelazione e la Proiezione di Masse Refrattarie<\/h2>\n<p>[\/et_pb_text][\/et_pb_column][\/et_pb_row][\/et_pb_section][et_pb_section fb_built=&#8221;1&#8243; specialty=&#8221;on&#8221; background_color_1=&#8221;#FFA500&#8243; _builder_version=&#8221;4.24.2&#8243; _module_preset=&#8221;default&#8221; custom_padding=&#8221;0px||0px|||&#8221; collapsed=&#8221;off&#8221; global_colors_info=&#8221;{}&#8221;][et_pb_column type=&#8221;1_3&#8243; _builder_version=&#8221;4.16&#8243; custom_padding=&#8221;|||&#8221; global_colors_info=&#8221;{}&#8221; custom_padding__hover=&#8221;|||&#8221;][et_pb_text _builder_version=&#8221;4.24.2&#8243; _module_preset=&#8221;_initial&#8221; header_5_font=&#8221;Roboto Condensed|700|||||||&#8221; header_5_text_color=&#8221;#FFFFFF&#8221; header_5_font_size=&#8221;22px&#8221; header_5_line_height=&#8221;1.4em&#8221; background_color=&#8221;#FFA500&#8243; custom_margin=&#8221;-25px||10px||false|false&#8221; custom_padding=&#8221;0px||0px|26px||&#8221; header_5_font_size_tablet=&#8221;16px&#8221; header_5_font_size_phone=&#8221;14px&#8221; header_5_font_size_last_edited=&#8221;on|desktop&#8221; locked=&#8221;off&#8221; global_colors_info=&#8221;{}&#8221;]<\/p>\n<h5><span><\/span><\/h5>\n<h5><span><\/span><\/h5>\n<h5><span><\/span><\/h5>\n<h5><span><\/span><\/h5>\n<h5><span><\/span><\/h5>\n<h5><span><\/span><\/h5>\n<h5>Scopri la nostra gamma<span><strong><\/strong><\/span><\/h5>\n<p><span><\/span><\/p>\n<p>[\/et_pb_text][et_pb_button button_url=&#8221;https:\/\/www.ocmer.it\/impianti-miscelazione-e-spruzzo\/orp-300-e-orp-302\/&#8221; button_text=&#8221;ORP-300 e ORP-302&#8243; button_alignment=&#8221;right&#8221; _builder_version=&#8221;4.24.2&#8243; _module_preset=&#8221;default&#8221; custom_button=&#8221;on&#8221; button_text_size=&#8221;16px&#8221; button_text_color=&#8221;#6B6B6B&#8221; button_bg_color=&#8221;#D6D6D6&#8243; button_border_color=&#8221;RGBA(255,255,255,0)&#8221; button_font=&#8221;|600|||||||&#8221; button_icon=&#8221;&#x3d;||divi||400&#8243; button_icon_color=&#8221;#FFA500&#8243; button_icon_placement=&#8221;left&#8221; custom_margin=&#8221;||493px||false|false&#8221; custom_padding=&#8221;|40px|||false|false&#8221; button_text_shadow_style=&#8221;preset1&#8243; button_text_shadow_color=&#8221;RGBA(255,255,255,0)&#8221; global_colors_info=&#8221;{}&#8221;][\/et_pb_button][\/et_pb_column][et_pb_column type=&#8221;2_3&#8243; specialty_columns=&#8221;2&#8243; _builder_version=&#8221;4.16&#8243; custom_padding=&#8221;|||&#8221; global_colors_info=&#8221;{}&#8221; custom_padding__hover=&#8221;|||&#8221;][et_pb_row_inner _builder_version=&#8221;4.24.2&#8243; _module_preset=&#8221;default&#8221; custom_margin=&#8221;-3px|||||&#8221; custom_padding=&#8221;91px|||||&#8221; global_colors_info=&#8221;{}&#8221;][et_pb_column_inner saved_specialty_column_type=&#8221;2_3&#8243; _builder_version=&#8221;4.24.2&#8243; _module_preset=&#8221;default&#8221; global_colors_info=&#8221;{}&#8221;][et_pb_text _builder_version=&#8221;4.24.2&#8243; _module_preset=&#8221;_initial&#8221; text_font_size=&#8221;16px&#8221; header_4_font=&#8221;Inter|700|||||||&#8221; header_4_font_size=&#8221;24px&#8221; header_4_line_height=&#8221;1.4em&#8221; header_4_font_size_tablet=&#8221;16px&#8221; header_4_font_size_phone=&#8221;15px&#8221; header_4_font_size_last_edited=&#8221;on|desktop&#8221; locked=&#8221;off&#8221; global_colors_info=&#8221;{}&#8221;]<\/p>\n<p><span style=\"font-weight: 400;\">La Ocmer, in collaborazione con alcuni dei pi\u00f9 importanti produttori di masse refrattarie, da lungo tempo produce impianti per la miscelazione con acqua e lo spruzzo di masse refrattarie destinate a rivestire le pareti delle paniere al termine di ogni ciclo di lavoro.<\/span><\/p>\n<p><span style=\"font-weight: 400;\">Gli impianti possono essere configurati dal Cliente in base alle proprie esigenze: silo e miscelatore singolo oppure\u00a0 doppio, celle di carico, diversi sistemi di vibrazione e fluidificazione del materiale all\u2019interno del silo, serbatoio acqua riscaldato, contalitri digitale, registrazione e trasmissioni dati, ciclo di messa in funzione automatico e manuale.<\/span><span style=\"font-weight: 400;\"><\/span><\/p>\n<p><span style=\"font-weight: 400;\">A titolo di esempio si mostrano due impianti in configurazione base<\/span>\u00a0<a href=\"https:\/\/www.ocmer.it\/impianti-miscelazione-e-spruzzo\/orp-300-e-orp-302\/\"><strong>ORP-300 <\/strong><span style=\"color: #666666;\">e<\/span>\u00a0<strong>ORP-302<\/strong><span style=\"color: #666666;\">.<\/span><\/a><\/p>\n<p>[\/et_pb_text][\/et_pb_column_inner][\/et_pb_row_inner][\/et_pb_column][\/et_pb_section][et_pb_section fb_built=&#8221;1&#8243; fullwidth=&#8221;on&#8221; _builder_version=&#8221;4.24.2&#8243; _module_preset=&#8221;default&#8221; hover_transition_duration=&#8221;250ms&#8221; global_colors_info=&#8221;{}&#8221;][et_pb_fullwidth_slider _builder_version=&#8221;4.25.1&#8243; _module_preset=&#8221;default&#8221; background_color=&#8221;RGBA(255,255,255,0)&#8221; background_image=&#8221;https:\/\/www.ocmer.it\/wp-content\/uploads\/2024\/05\/101_3192-scaled.jpg&#8221; custom_padding=&#8221;640px||0px|||&#8221; global_colors_info=&#8221;{}&#8221;][et_pb_slide _builder_version=&#8221;4.25.1&#8243; _module_preset=&#8221;default&#8221; background_enable_color=&#8221;off&#8221; background_image=&#8221;https:\/\/www.ocmer.it\/wp-content\/uploads\/2024\/05\/PANIERE-TUNDISHES-ADVANCED-scaled.jpg&#8221; background_enable_image=&#8221;on&#8221; parallax=&#8221;on&#8221; background_blend=&#8221;exclusion&#8221; global_colors_info=&#8221;{}&#8221; sticky_transition=&#8221;on&#8221;][\/et_pb_slide][et_pb_slide _builder_version=&#8221;4.25.1&#8243; _module_preset=&#8221;default&#8221; background_enable_color=&#8221;off&#8221; background_image=&#8221;https:\/\/www.ocmer.it\/wp-content\/uploads\/2024\/05\/ocmer-silo-scaled.jpg&#8221; background_enable_image=&#8221;on&#8221; parallax=&#8221;on&#8221; background_blend=&#8221;exclusion&#8221; global_colors_info=&#8221;{}&#8221; sticky_transition=&#8221;on&#8221;][\/et_pb_slide][et_pb_slide _builder_version=&#8221;4.25.1&#8243; _module_preset=&#8221;default&#8221; background_enable_color=&#8221;off&#8221; background_image=&#8221;https:\/\/www.ocmer.it\/wp-content\/uploads\/2024\/05\/DETAILS-IMPIANTI-PANIERE-2-scaled.jpg&#8221; background_enable_image=&#8221;on&#8221; background_blend=&#8221;exclusion&#8221; global_colors_info=&#8221;{}&#8221; sticky_transition=&#8221;on&#8221;][\/et_pb_slide][et_pb_slide _builder_version=&#8221;4.25.1&#8243; _module_preset=&#8221;default&#8221; background_enable_color=&#8221;off&#8221; background_image=&#8221;https:\/\/www.ocmer.it\/wp-content\/uploads\/2024\/05\/101_3192-scaled.jpg&#8221; background_enable_image=&#8221;on&#8221; background_blend=&#8221;exclusion&#8221; global_colors_info=&#8221;{}&#8221; sticky_transition=&#8221;on&#8221;][\/et_pb_slide][\/et_pb_fullwidth_slider][\/et_pb_section][et_pb_section fb_built=&#8221;1&#8243; admin_label=&#8221;Footer&#8221; _builder_version=&#8221;4.24.2&#8243; _module_preset=&#8221;default&#8221; use_background_color_gradient=&#8221;on&#8221; background_color_gradient_stops=&#8221;#242424 31%|#242424 100%&#8221; background_color_gradient_overlays_image=&#8221;on&#8221; background_enable_image=&#8221;off&#8221; saved_tabs=&#8221;all&#8221; collapsed=&#8221;on&#8221; global_colors_info=&#8221;{}&#8221;][et_pb_row column_structure=&#8221;1_3,1_3,1_3&#8243; _builder_version=&#8221;4.17.4&#8243; _module_preset=&#8221;default&#8221; global_colors_info=&#8221;{}&#8221;][et_pb_column type=&#8221;1_3&#8243; _builder_version=&#8221;4.17.4&#8243; _module_preset=&#8221;default&#8221; global_colors_info=&#8221;{}&#8221;][et_pb_image src=&#8221;https:\/\/www.ocmer.it\/wp-content\/uploads\/2024\/05\/OCMER-logo.png&#8221; title_text=&#8221;OCMER logo&#8221; _builder_version=&#8221;4.27.2&#8243; _module_preset=&#8221;default&#8221; width=&#8221;86%&#8221; box_shadow_style=&#8221;preset1&#8243; box_shadow_blur=&#8221;11px&#8221; box_shadow_color=&#8221;#FFFFFF&#8221; global_colors_info=&#8221;{}&#8221;][\/et_pb_image][\/et_pb_column][et_pb_column type=&#8221;1_3&#8243; _builder_version=&#8221;4.17.4&#8243; _module_preset=&#8221;default&#8221; global_colors_info=&#8221;{}&#8221;][et_pb_text _builder_version=&#8221;4.24.2&#8243; _module_preset=&#8221;4c43b4b6-66bf-432d-959a-705bda24a650&#8243; text_font=&#8221;||||||||&#8221; text_text_color=&#8221;#FFFFFF&#8221; text_font_size=&#8221;16px&#8221; custom_margin=&#8221;5px|||||&#8221; header_font_size_tablet=&#8221;55px&#8221; header_font_size_last_edited=&#8221;off|desktop&#8221; global_colors_info=&#8221;{}&#8221;]<\/p>\n<p><span>Desideri maggiori informazioni o hai delle richieste? Compila il modulo con le tue informazioni e le tue domande. Il nostro team sar\u00e0 lieto di aiutarti e ti contatter\u00e0 al pi\u00f9 presto!<\/span><\/p>\n<p>[\/et_pb_text][et_pb_button button_url=&#8221;https:\/\/www.ocmer.it\/contatti\/&#8221; button_text=&#8221;Contattaci&#8221; button_alignment=&#8221;left&#8221; _builder_version=&#8221;4.27.2&#8243; _module_preset=&#8221;default&#8221; custom_button=&#8221;on&#8221; button_text_color=&#8221;#FFFFFF&#8221; button_bg_color=&#8221;#FFA500&#8243; button_border_color=&#8221;RGBA(255,255,255,0)&#8221; button_border_radius=&#8221;7px&#8221; global_colors_info=&#8221;{}&#8221;][\/et_pb_button][\/et_pb_column][et_pb_column type=&#8221;1_3&#8243; _builder_version=&#8221;4.17.4&#8243; _module_preset=&#8221;default&#8221; global_colors_info=&#8221;{}&#8221;][et_pb_blurb title=&#8221;Address&#8221; use_icon=&#8221;on&#8221; font_icon=&#8221;&#xf279;||fa||900&#8243; icon_color=&#8221;#FFFFFF&#8221; icon_placement=&#8221;left&#8221; image_icon_width=&#8221;24px&#8221; content_max_width=&#8221;100%&#8221; _builder_version=&#8221;4.24.2&#8243; _module_preset=&#8221;341773a8-7d77-4626-b15c-f95399f25521&#8243; header_font=&#8221;|600|||||||&#8221; header_text_color=&#8221;#FFFFFF&#8221; body_font=&#8221;|700|||||||&#8221; body_text_color=&#8221;#FFFFFF&#8221; body_link_text_color=&#8221;#73C345&#8243; animation=&#8221;off&#8221; locked=&#8221;off&#8221; global_colors_info=&#8221;{}&#8221;]<\/p>\n<p>OCMER Co. srl &#8211; Partita IVA: IT08959020150<\/p>\n<p>Via 1\u00b0 Maggio, 33, 20014 Nerviano (MI) Italy<\/p>\n<p>[\/et_pb_blurb][et_pb_blurb title=&#8221;Email&#8221; use_icon=&#8221;on&#8221; font_icon=&#8221;&#xf2b6;||fa||900&#8243; icon_color=&#8221;#FFFFFF&#8221; icon_placement=&#8221;left&#8221; image_icon_width=&#8221;24px&#8221; content_max_width=&#8221;100%&#8221; _builder_version=&#8221;4.24.2&#8243; _module_preset=&#8221;341773a8-7d77-4626-b15c-f95399f25521&#8243; header_font=&#8221;|600|||||||&#8221; header_text_color=&#8221;#FFFFFF&#8221; body_font=&#8221;|700|||||||&#8221; body_text_color=&#8221;#FFFFFF&#8221; body_link_text_color=&#8221;#FFFFFF&#8221; animation=&#8221;off&#8221; locked=&#8221;off&#8221; global_colors_info=&#8221;{}&#8221;]<\/p>\n<p><a href=\"mailto:info@ocmer.it\">info[at]ocmer.it<\/a><\/p>\n<p>[\/et_pb_blurb][et_pb_blurb title=&#8221;Telefono&#8221; use_icon=&#8221;on&#8221; font_icon=&#8221;&#xf879;||fa||900&#8243; icon_color=&#8221;#FFFFFF&#8221; icon_placement=&#8221;left&#8221; image_icon_width=&#8221;24px&#8221; content_max_width=&#8221;100%&#8221; _builder_version=&#8221;4.24.2&#8243; _module_preset=&#8221;341773a8-7d77-4626-b15c-f95399f25521&#8243; header_font=&#8221;|600|||||||&#8221; header_text_color=&#8221;#FFFFFF&#8221; body_font=&#8221;|700|||||||&#8221; body_text_color=&#8221;#FFFFFF&#8221; body_link_text_color=&#8221;#73C345&#8243; animation=&#8221;off&#8221; locked=&#8221;off&#8221; global_colors_info=&#8221;{}&#8221;]<\/p>\n<p><span>+39 0331 415221<\/span><\/p>\n<p>[\/et_pb_blurb][\/et_pb_column][\/et_pb_row][\/et_pb_section]<\/p>\n","protected":false},"excerpt":{"rendered":"<p>IMPIANTI per la Miscelazione e la Proiezione di Masse Refrattarie Scopri la nostra gamma La Ocmer, in collaborazione con alcuni dei pi\u00f9 importanti produttori di masse refrattarie, da lungo tempo produce impianti per la miscelazione con acqua e lo spruzzo di masse refrattarie destinate a rivestire le pareti delle paniere al termine di ogni ciclo [&hellip;]<\/p>\n","protected":false},"author":2,"featured_media":1279,"parent":124,"menu_order":0,"comment_status":"closed","ping_status":"closed","template":"","meta":{"_et_pb_use_builder":"on","_et_pb_old_content":"","_et_gb_content_width":"","content-type":"","iawp_total_views":179,"footnotes":""},"class_list":["post-715","page","type-page","status-publish","has-post-thumbnail","hentry"],"yoast_head":"<!-- This site is optimized with the Yoast SEO plugin v27.3 - https:\/\/yoast.com\/product\/yoast-seo-wordpress\/ -->\n<title>Impianti per Miscelazione e Spruzzo di Masse Refrattarie | Ocmer.it<\/title>\n<meta name=\"description\" content=\"Scopri gli Impianti Ocmer per la Miscelazione e lo Spruzzo di Masse Refrattarie. Configurabili su Misura, Ideali per Rivestire le Pareti delle Paniere\" \/>\n<meta name=\"robots\" content=\"index, follow, max-snippet:-1, max-image-preview:large, max-video-preview:-1\" \/>\n<link rel=\"canonical\" href=\"https:\/\/www.ocmer.it\/es\/masas-refractarias-proyectadas\/instalaciones-refractarias\/\" \/>\n<meta property=\"og:locale\" content=\"es_ES\" \/>\n<meta property=\"og:type\" content=\"article\" \/>\n<meta property=\"og:title\" content=\"Impianti per Miscelazione e Spruzzo di Masse Refrattarie | Ocmer.it\" \/>\n<meta property=\"og:description\" content=\"Scopri gli Impianti Ocmer per la Miscelazione e lo Spruzzo di Masse Refrattarie. Configurabili su Misura, Ideali per Rivestire le Pareti delle Paniere\" \/>\n<meta property=\"og:url\" content=\"https:\/\/www.ocmer.it\/es\/masas-refractarias-proyectadas\/instalaciones-refractarias\/\" \/>\n<meta property=\"og:site_name\" content=\"OCMER CO SRL\" \/>\n<meta property=\"article:modified_time\" content=\"2025-05-29T08:18:30+00:00\" \/>\n<meta property=\"og:image\" content=\"https:\/\/www.ocmer.it\/wp-content\/uploads\/2024\/04\/orp-300_4-1.jpg\" \/>\n\t<meta property=\"og:image:width\" content=\"600\" \/>\n\t<meta property=\"og:image:height\" content=\"800\" \/>\n\t<meta property=\"og:image:type\" content=\"image\/jpeg\" \/>\n<meta name=\"twitter:card\" content=\"summary_large_image\" \/>\n<meta name=\"twitter:label1\" content=\"Tiempo de lectura\" \/>\n\t<meta name=\"twitter:data1\" content=\"2 minutos\" \/>\n<script type=\"application\/ld+json\" class=\"yoast-schema-graph\">{\"@context\":\"https:\\\/\\\/schema.org\",\"@graph\":[{\"@type\":\"WebPage\",\"@id\":\"https:\\\/\\\/www.ocmer.it\\\/masse-refrattarie-proiettate\\\/impianti-miscelazione-e-spruzzo\\\/\",\"url\":\"https:\\\/\\\/www.ocmer.it\\\/masse-refrattarie-proiettate\\\/impianti-miscelazione-e-spruzzo\\\/\",\"name\":\"Impianti per Miscelazione e Spruzzo di Masse Refrattarie | Ocmer.it\",\"isPartOf\":{\"@id\":\"https:\\\/\\\/www.ocmer.it\\\/#website\"},\"primaryImageOfPage\":{\"@id\":\"https:\\\/\\\/www.ocmer.it\\\/masse-refrattarie-proiettate\\\/impianti-miscelazione-e-spruzzo\\\/#primaryimage\"},\"image\":{\"@id\":\"https:\\\/\\\/www.ocmer.it\\\/masse-refrattarie-proiettate\\\/impianti-miscelazione-e-spruzzo\\\/#primaryimage\"},\"thumbnailUrl\":\"https:\\\/\\\/www.ocmer.it\\\/wp-content\\\/uploads\\\/2024\\\/04\\\/orp-300_4-1.jpg\",\"datePublished\":\"2024-04-19T16:09:45+00:00\",\"dateModified\":\"2025-05-29T08:18:30+00:00\",\"description\":\"Scopri gli Impianti Ocmer per la Miscelazione e lo Spruzzo di Masse Refrattarie. Configurabili su Misura, Ideali per Rivestire le Pareti delle Paniere\",\"breadcrumb\":{\"@id\":\"https:\\\/\\\/www.ocmer.it\\\/masse-refrattarie-proiettate\\\/impianti-miscelazione-e-spruzzo\\\/#breadcrumb\"},\"inLanguage\":\"es\",\"potentialAction\":[{\"@type\":\"ReadAction\",\"target\":[\"https:\\\/\\\/www.ocmer.it\\\/masse-refrattarie-proiettate\\\/impianti-miscelazione-e-spruzzo\\\/\"]}]},{\"@type\":\"ImageObject\",\"inLanguage\":\"es\",\"@id\":\"https:\\\/\\\/www.ocmer.it\\\/masse-refrattarie-proiettate\\\/impianti-miscelazione-e-spruzzo\\\/#primaryimage\",\"url\":\"https:\\\/\\\/www.ocmer.it\\\/wp-content\\\/uploads\\\/2024\\\/04\\\/orp-300_4-1.jpg\",\"contentUrl\":\"https:\\\/\\\/www.ocmer.it\\\/wp-content\\\/uploads\\\/2024\\\/04\\\/orp-300_4-1.jpg\",\"width\":600,\"height\":800},{\"@type\":\"BreadcrumbList\",\"@id\":\"https:\\\/\\\/www.ocmer.it\\\/masse-refrattarie-proiettate\\\/impianti-miscelazione-e-spruzzo\\\/#breadcrumb\",\"itemListElement\":[{\"@type\":\"ListItem\",\"position\":1,\"name\":\"Home\",\"item\":\"https:\\\/\\\/www.ocmer.it\\\/\"},{\"@type\":\"ListItem\",\"position\":2,\"name\":\"Masse Refrattarie Proiettate\",\"item\":\"https:\\\/\\\/www.ocmer.it\\\/masse-refrattarie-proiettate\\\/\"},{\"@type\":\"ListItem\",\"position\":3,\"name\":\"Impianti Miscelazione e Spruzzo\"}]},{\"@type\":\"WebSite\",\"@id\":\"https:\\\/\\\/www.ocmer.it\\\/#website\",\"url\":\"https:\\\/\\\/www.ocmer.it\\\/\",\"name\":\"OCMER CO SRL\",\"description\":\"Machines and Equipment for Sprayed Concrete and Refractory Mixes Applications\",\"publisher\":{\"@id\":\"https:\\\/\\\/www.ocmer.it\\\/#organization\"},\"potentialAction\":[{\"@type\":\"SearchAction\",\"target\":{\"@type\":\"EntryPoint\",\"urlTemplate\":\"https:\\\/\\\/www.ocmer.it\\\/?s={search_term_string}\"},\"query-input\":{\"@type\":\"PropertyValueSpecification\",\"valueRequired\":true,\"valueName\":\"search_term_string\"}}],\"inLanguage\":\"es\"},{\"@type\":\"Organization\",\"@id\":\"https:\\\/\\\/www.ocmer.it\\\/#organization\",\"name\":\"OCMER CO SRL\",\"url\":\"https:\\\/\\\/www.ocmer.it\\\/\",\"logo\":{\"@type\":\"ImageObject\",\"inLanguage\":\"es\",\"@id\":\"https:\\\/\\\/www.ocmer.it\\\/#\\\/schema\\\/logo\\\/image\\\/\",\"url\":\"https:\\\/\\\/www.ocmer.it\\\/wp-content\\\/uploads\\\/2024\\\/03\\\/3.png\",\"contentUrl\":\"https:\\\/\\\/www.ocmer.it\\\/wp-content\\\/uploads\\\/2024\\\/03\\\/3.png\",\"width\":500,\"height\":500,\"caption\":\"OCMER CO SRL\"},\"image\":{\"@id\":\"https:\\\/\\\/www.ocmer.it\\\/#\\\/schema\\\/logo\\\/image\\\/\"}}]}<\/script>\n<!-- \/ Yoast SEO plugin. -->","yoast_head_json":{"title":"Plantas de mezcla y pulverizaci\u00f3n para masas refractarias | Ocmer.it","description":"Descubra los sistemas de mezcla y proyecci\u00f3n de refractarios Ocmer. Configurables a medida, ideales para el revestimiento de paredes de tundish.","robots":{"index":"index","follow":"follow","max-snippet":"max-snippet:-1","max-image-preview":"max-image-preview:large","max-video-preview":"max-video-preview:-1"},"canonical":"https:\/\/www.ocmer.it\/es\/masas-refractarias-proyectadas\/instalaciones-refractarias\/","og_locale":"es_ES","og_type":"article","og_title":"Impianti per Miscelazione e Spruzzo di Masse Refrattarie | Ocmer.it","og_description":"Scopri gli Impianti Ocmer per la Miscelazione e lo Spruzzo di Masse Refrattarie. Configurabili su Misura, Ideali per Rivestire le Pareti delle Paniere","og_url":"https:\/\/www.ocmer.it\/es\/masas-refractarias-proyectadas\/instalaciones-refractarias\/","og_site_name":"OCMER CO SRL","article_modified_time":"2025-05-29T08:18:30+00:00","og_image":[{"width":600,"height":800,"url":"https:\/\/www.ocmer.it\/wp-content\/uploads\/2024\/04\/orp-300_4-1.jpg","type":"image\/jpeg"}],"twitter_card":"summary_large_image","twitter_misc":{"Tiempo de lectura":"2 minutos"},"schema":{"@context":"https:\/\/schema.org","@graph":[{"@type":"WebPage","@id":"https:\/\/www.ocmer.it\/masse-refrattarie-proiettate\/impianti-miscelazione-e-spruzzo\/","url":"https:\/\/www.ocmer.it\/masse-refrattarie-proiettate\/impianti-miscelazione-e-spruzzo\/","name":"Plantas de mezcla y pulverizaci\u00f3n para masas refractarias | Ocmer.it","isPartOf":{"@id":"https:\/\/www.ocmer.it\/#website"},"primaryImageOfPage":{"@id":"https:\/\/www.ocmer.it\/masse-refrattarie-proiettate\/impianti-miscelazione-e-spruzzo\/#primaryimage"},"image":{"@id":"https:\/\/www.ocmer.it\/masse-refrattarie-proiettate\/impianti-miscelazione-e-spruzzo\/#primaryimage"},"thumbnailUrl":"https:\/\/www.ocmer.it\/wp-content\/uploads\/2024\/04\/orp-300_4-1.jpg","datePublished":"2024-04-19T16:09:45+00:00","dateModified":"2025-05-29T08:18:30+00:00","description":"Descubra los sistemas de mezcla y proyecci\u00f3n de refractarios Ocmer. Configurables a medida, ideales para el revestimiento de paredes de tundish.","breadcrumb":{"@id":"https:\/\/www.ocmer.it\/masse-refrattarie-proiettate\/impianti-miscelazione-e-spruzzo\/#breadcrumb"},"inLanguage":"es","potentialAction":[{"@type":"ReadAction","target":["https:\/\/www.ocmer.it\/masse-refrattarie-proiettate\/impianti-miscelazione-e-spruzzo\/"]}]},{"@type":"ImageObject","inLanguage":"es","@id":"https:\/\/www.ocmer.it\/masse-refrattarie-proiettate\/impianti-miscelazione-e-spruzzo\/#primaryimage","url":"https:\/\/www.ocmer.it\/wp-content\/uploads\/2024\/04\/orp-300_4-1.jpg","contentUrl":"https:\/\/www.ocmer.it\/wp-content\/uploads\/2024\/04\/orp-300_4-1.jpg","width":600,"height":800},{"@type":"BreadcrumbList","@id":"https:\/\/www.ocmer.it\/masse-refrattarie-proiettate\/impianti-miscelazione-e-spruzzo\/#breadcrumb","itemListElement":[{"@type":"ListItem","position":1,"name":"Home","item":"https:\/\/www.ocmer.it\/"},{"@type":"ListItem","position":2,"name":"Masse Refrattarie Proiettate","item":"https:\/\/www.ocmer.it\/masse-refrattarie-proiettate\/"},{"@type":"ListItem","position":3,"name":"Impianti Miscelazione e Spruzzo"}]},{"@type":"WebSite","@id":"https:\/\/www.ocmer.it\/#website","url":"https:\/\/www.ocmer.it\/","name":"OCMER CO SRL","description":"Machines and Equipment for Sprayed Concrete and Refractory Mixes Applications","publisher":{"@id":"https:\/\/www.ocmer.it\/#organization"},"potentialAction":[{"@type":"SearchAction","target":{"@type":"EntryPoint","urlTemplate":"https:\/\/www.ocmer.it\/?s={search_term_string}"},"query-input":{"@type":"PropertyValueSpecification","valueRequired":true,"valueName":"search_term_string"}}],"inLanguage":"es"},{"@type":"Organization","@id":"https:\/\/www.ocmer.it\/#organization","name":"OCMER CO SRL","url":"https:\/\/www.ocmer.it\/","logo":{"@type":"ImageObject","inLanguage":"es","@id":"https:\/\/www.ocmer.it\/#\/schema\/logo\/image\/","url":"https:\/\/www.ocmer.it\/wp-content\/uploads\/2024\/03\/3.png","contentUrl":"https:\/\/www.ocmer.it\/wp-content\/uploads\/2024\/03\/3.png","width":500,"height":500,"caption":"OCMER CO SRL"},"image":{"@id":"https:\/\/www.ocmer.it\/#\/schema\/logo\/image\/"}}]}},"_links":{"self":[{"href":"https:\/\/www.ocmer.it\/es\/wp-json\/wp\/v2\/pages\/715","targetHints":{"allow":["GET"]}}],"collection":[{"href":"https:\/\/www.ocmer.it\/es\/wp-json\/wp\/v2\/pages"}],"about":[{"href":"https:\/\/www.ocmer.it\/es\/wp-json\/wp\/v2\/types\/page"}],"author":[{"embeddable":true,"href":"https:\/\/www.ocmer.it\/es\/wp-json\/wp\/v2\/users\/2"}],"replies":[{"embeddable":true,"href":"https:\/\/www.ocmer.it\/es\/wp-json\/wp\/v2\/comments?post=715"}],"version-history":[{"count":30,"href":"https:\/\/www.ocmer.it\/es\/wp-json\/wp\/v2\/pages\/715\/revisions"}],"predecessor-version":[{"id":2434,"href":"https:\/\/www.ocmer.it\/es\/wp-json\/wp\/v2\/pages\/715\/revisions\/2434"}],"up":[{"embeddable":true,"href":"https:\/\/www.ocmer.it\/es\/wp-json\/wp\/v2\/pages\/124"}],"wp:featuredmedia":[{"embeddable":true,"href":"https:\/\/www.ocmer.it\/es\/wp-json\/wp\/v2\/media\/1279"}],"wp:attachment":[{"href":"https:\/\/www.ocmer.it\/es\/wp-json\/wp\/v2\/media?parent=715"}],"curies":[{"name":"wp","href":"https:\/\/api.w.org\/{rel}","templated":true}]}}