{"id":535,"date":"2024-04-18T16:41:55","date_gmt":"2024-04-18T14:41:55","guid":{"rendered":"https:\/\/www.ocmer.it\/?page_id=535"},"modified":"2025-05-29T09:38:13","modified_gmt":"2025-05-29T07:38:13","slug":"bras-de-projection","status":"publish","type":"page","link":"https:\/\/www.ocmer.it\/fr\/beton-projete\/bras-de-projection\/","title":{"rendered":"Bras de projection"},"content":{"rendered":"<p>[et_pb_section fb_built=&#8221;1&#8243; admin_label=&#8221;Header&#8221; _builder_version=&#8221;4.25.1&#8243; _module_preset=&#8221;default&#8221; use_background_color_gradient=&#8221;on&#8221; background_color_gradient_stops=&#8221;#d6d6d6 0%|#000000 99%&#8221; background_image=&#8221;https:\/\/www.ocmer.it\/wp-content\/uploads\/2024\/05\/DSCF0526-1-scaled.jpg&#8221; background_position=&#8221;top_center&#8221; custom_margin=&#8221;||-3px|||&#8221; custom_padding=&#8221;180px||180px||true|false&#8221; locked=&#8221;off&#8221; collapsed=&#8221;on&#8221; global_colors_info=&#8221;{}&#8221;][et_pb_row _builder_version=&#8221;4.20.0&#8243; _module_preset=&#8221;default&#8221; custom_padding=&#8221;||0px|||&#8221; global_colors_info=&#8221;{}&#8221;][et_pb_column type=&#8221;4_4&#8243; _builder_version=&#8221;4.20.0&#8243; _module_preset=&#8221;default&#8221; global_colors_info=&#8221;{}&#8221;][et_pb_text _builder_version=&#8221;4.25.1&#8243; _module_preset=&#8221;_initial&#8221; header_font=&#8221;Roboto Condensed|700||on|||||&#8221; header_text_color=&#8221;#FFFFFF&#8221; header_font_size=&#8221;60px&#8221; header_line_height=&#8221;1.2em&#8221; header_2_text_color=&#8221;#FFFFFF&#8221; header_2_font_size=&#8221;30px&#8221; text_orientation=&#8221;center&#8221; custom_margin=&#8221;||10px||false|false&#8221; header_font_size_tablet=&#8221;40px&#8221; header_font_size_phone=&#8221;24px&#8221; header_font_size_last_edited=&#8221;on|desktop&#8221; global_colors_info=&#8221;{}&#8221;]<\/p>\n<h1 style=\"text-align: left;\"><b>BRACCI\u00a0<\/b><\/h1>\n<h2 style=\"text-align: left;\">per la movimentazione a distanza della lancia da spruzzo<\/h2>\n<p>[\/et_pb_text][\/et_pb_column][\/et_pb_row][\/et_pb_section][et_pb_section fb_built=&#8221;1&#8243; specialty=&#8221;on&#8221; background_color_1=&#8221;#FFA500&#8243; _builder_version=&#8221;4.24.2&#8243; _module_preset=&#8221;default&#8221; custom_padding=&#8221;0px||0px|||&#8221; collapsed=&#8221;off&#8221; global_colors_info=&#8221;{}&#8221;][et_pb_column type=&#8221;1_3&#8243; _builder_version=&#8221;4.16&#8243; custom_padding=&#8221;|||&#8221; global_colors_info=&#8221;{}&#8221; custom_padding__hover=&#8221;|||&#8221;][et_pb_text _builder_version=&#8221;4.25.1&#8243; _module_preset=&#8221;_initial&#8221; header_3_font=&#8221;Roboto Condensed||||||||&#8221; header_3_text_color=&#8221;#FFFFFF&#8221; header_5_font=&#8221;Roboto Condensed|700|||||||&#8221; header_5_text_color=&#8221;#FFFFFF&#8221; header_5_font_size=&#8221;22px&#8221; header_5_line_height=&#8221;1.4em&#8221; background_color=&#8221;#FFA500&#8243; custom_margin=&#8221;-25px||10px||false|false&#8221; custom_padding=&#8221;0px||0px|26px||&#8221; header_5_font_size_tablet=&#8221;16px&#8221; header_5_font_size_phone=&#8221;14px&#8221; header_5_font_size_last_edited=&#8221;on|desktop&#8221; locked=&#8221;off&#8221; global_colors_info=&#8221;{}&#8221;]<\/p>\n<h5><span><\/span><\/h5>\n<h5><span><\/span><\/h5>\n<h5><span><\/span><\/h5>\n<h5><span><\/span><\/h5>\n<h5><span><\/span><\/h5>\n<h5><span><\/span><\/h5>\n<h3><strong>Scopri la gamma di bracci per la proiezione di calcestruzzi:<\/strong><\/h3>\n<p><span><strong><\/strong><\/span><\/p>\n<p><span><\/span><\/p>\n<p>[\/et_pb_text][et_pb_button button_url=&#8221;https:\/\/www.ocmer.it\/osm-8600-rapido\/&#8221; button_text=&#8221;OSM-8600&#8243; button_alignment=&#8221;right&#8221; _builder_version=&#8221;4.24.2&#8243; _module_preset=&#8221;default&#8221; custom_button=&#8221;on&#8221; button_text_size=&#8221;16px&#8221; button_text_color=&#8221;#6B6B6B&#8221; button_bg_color=&#8221;#D6D6D6&#8243; button_border_color=&#8221;RGBA(255,255,255,0)&#8221; button_font=&#8221;|600|||||||&#8221; button_icon=&#8221;&#x3d;||divi||400&#8243; button_icon_color=&#8221;#FFA500&#8243; button_icon_placement=&#8221;left&#8221; custom_padding=&#8221;|50px|||false|false&#8221; global_colors_info=&#8221;{}&#8221;][\/et_pb_button][et_pb_button button_url=&#8221;https:\/\/www.ocmer.it\/osm-7200-rapido\/&#8221; button_text=&#8221;OSM-7200 &#8221; button_alignment=&#8221;right&#8221; _builder_version=&#8221;4.24.2&#8243; _module_preset=&#8221;default&#8221; custom_button=&#8221;on&#8221; button_text_size=&#8221;16px&#8221; button_text_color=&#8221;#6B6B6B&#8221; button_bg_color=&#8221;#D6D6D6&#8243; button_border_color=&#8221;RGBA(255,255,255,0)&#8221; button_font=&#8221;|600|||||||&#8221; button_icon=&#8221;&#x3d;||divi||400&#8243; button_icon_color=&#8221;#FFA500&#8243; button_icon_placement=&#8221;left&#8221; custom_margin=&#8221;||||false|false&#8221; custom_padding=&#8221;|50px|||false|false&#8221; button_text_shadow_style=&#8221;preset1&#8243; button_text_shadow_color=&#8221;RGBA(255,255,255,0)&#8221; global_colors_info=&#8221;{}&#8221;][\/et_pb_button][et_pb_button button_url=&#8221;https:\/\/www.ocmer.it\/osm-9600-rapido\/&#8221; button_text=&#8221;OSM-9600&#8243; button_alignment=&#8221;right&#8221; _builder_version=&#8221;4.24.2&#8243; _module_preset=&#8221;default&#8221; custom_button=&#8221;on&#8221; button_text_size=&#8221;16px&#8221; button_text_color=&#8221;#6B6B6B&#8221; button_bg_color=&#8221;#D6D6D6&#8243; button_border_color=&#8221;RGBA(255,255,255,0)&#8221; button_font=&#8221;|600|||||||&#8221; button_icon=&#8221;&#x3d;||divi||400&#8243; button_icon_color=&#8221;#FFA500&#8243; button_icon_placement=&#8221;left&#8221; custom_margin=&#8221;||138px|||&#8221; custom_padding=&#8221;|50px|||false|false&#8221; global_colors_info=&#8221;{}&#8221;][\/et_pb_button][\/et_pb_column][et_pb_column type=&#8221;2_3&#8243; specialty_columns=&#8221;2&#8243; _builder_version=&#8221;4.16&#8243; custom_padding=&#8221;|||&#8221; global_colors_info=&#8221;{}&#8221; custom_padding__hover=&#8221;|||&#8221;][et_pb_row_inner _builder_version=&#8221;4.24.2&#8243; _module_preset=&#8221;default&#8221; custom_margin=&#8221;-3px|||||&#8221; custom_padding=&#8221;64px|||||&#8221; global_colors_info=&#8221;{}&#8221;][et_pb_column_inner saved_specialty_column_type=&#8221;2_3&#8243; _builder_version=&#8221;4.24.2&#8243; _module_preset=&#8221;default&#8221; global_colors_info=&#8221;{}&#8221;][et_pb_text _builder_version=&#8221;4.25.1&#8243; _module_preset=&#8221;_initial&#8221; text_font_size=&#8221;16px&#8221; header_4_font=&#8221;Inter|700|||||||&#8221; header_4_font_size=&#8221;24px&#8221; header_4_line_height=&#8221;1.4em&#8221; header_4_font_size_tablet=&#8221;16px&#8221; header_4_font_size_phone=&#8221;15px&#8221; header_4_font_size_last_edited=&#8221;on|desktop&#8221; locked=&#8221;off&#8221; global_colors_info=&#8221;{}&#8221;]<\/p>\n<p>I bracci da spruzzo della serie RAPIDO sono destinati alla movimentazione a distanza della lancia da spruzzo nell\u2019esecuzione di applicazioni di calcestruzzo proiettato sia per via secca che umida.<\/p>\n<p>Il loro uso consente di migliorare le condizioni di lavoro e a aumentare in forte misura la produttivit\u00e0.<\/p>\n<p>La gamma si compone di tre modelli.<\/p>\n<p>Il modello OSM-8600 RAPIDO, destinato principalmente al consolidamento di scarpate e fondazioni, oltre che al ripristino delle sponde di canali di irrigazione e in tunnel di piccola\/media dimensione.<\/p>\n<p>Al fine di rendere intuitivo l\u2019utilizzo dei propri bracci in galleria, OCMER ha sviluppato due modelli, di diversa dimensione ma entrambi dotati di movimento assiale di testa con corsa pari a 2000 mm. Questo movimento permette di tenere la lancia perpendicolare alla parete da rivestire in modo semplice e intuitivo.<\/p>\n<p>Il pi\u00f9 piccolo dei due modelli, l\u2019OSM-7200 RAPIDO \u00e8 adatto per lavorare in gallerie sino a 10-11 metri di diametro, mentre quello pi\u00f9 grande, l\u2019OSM-9600 RAPIDO pu\u00f2 operare in sezioni sino a 14-15 metri.<\/p>\n<p>Tutti i modelli possono essere forniti in versione free standing ovvero montati su carro debitamente stabilizzato.<\/p>\n<p>[\/et_pb_text][\/et_pb_column_inner][\/et_pb_row_inner][\/et_pb_column][\/et_pb_section][et_pb_section fb_built=&#8221;1&#8243; fullwidth=&#8221;on&#8221; _builder_version=&#8221;4.24.2&#8243; _module_preset=&#8221;default&#8221; hover_transition_duration=&#8221;250ms&#8221; global_colors_info=&#8221;{}&#8221;][et_pb_fullwidth_slider _builder_version=&#8221;4.24.2&#8243; _module_preset=&#8221;default&#8221; custom_padding=&#8221;693px||0px|||&#8221; global_colors_info=&#8221;{}&#8221;][et_pb_slide _builder_version=&#8221;4.24.2&#8243; _module_preset=&#8221;default&#8221; background_enable_color=&#8221;off&#8221; background_image=&#8221;https:\/\/www.ocmer.it\/wp-content\/uploads\/2024\/04\/Riyadh-8600.jpg&#8221; background_enable_image=&#8221;on&#8221; parallax=&#8221;on&#8221; global_colors_info=&#8221;{}&#8221; sticky_transition=&#8221;on&#8221;][\/et_pb_slide][et_pb_slide _builder_version=&#8221;4.24.2&#8243; _module_preset=&#8221;default&#8221; background_enable_color=&#8221;off&#8221; background_image=&#8221;https:\/\/www.ocmer.it\/wp-content\/uploads\/2024\/04\/ocs-4972-ocmer.jpg&#8221; background_enable_image=&#8221;on&#8221; parallax=&#8221;on&#8221; global_colors_info=&#8221;{}&#8221; sticky_transition=&#8221;on&#8221;][\/et_pb_slide][et_pb_slide _builder_version=&#8221;4.24.2&#8243; _module_preset=&#8221;default&#8221; background_enable_color=&#8221;off&#8221; background_image=&#8221;https:\/\/www.ocmer.it\/wp-content\/uploads\/2024\/04\/7200-FERROCARRIL-scaled.jpg&#8221; background_enable_image=&#8221;on&#8221; parallax=&#8221;on&#8221; global_colors_info=&#8221;{}&#8221; sticky_transition=&#8221;on&#8221;][\/et_pb_slide][et_pb_slide _builder_version=&#8221;4.24.2&#8243; _module_preset=&#8221;default&#8221; background_enable_color=&#8221;off&#8221; background_image=&#8221;https:\/\/www.ocmer.it\/wp-content\/uploads\/2024\/04\/spruzzatore-concrete.jpg&#8221; background_enable_image=&#8221;on&#8221; parallax=&#8221;on&#8221; global_colors_info=&#8221;{}&#8221; sticky_transition=&#8221;on&#8221;][\/et_pb_slide][et_pb_slide _builder_version=&#8221;4.24.2&#8243; _module_preset=&#8221;default&#8221; background_enable_color=&#8221;off&#8221; background_image=&#8221;https:\/\/www.ocmer.it\/wp-content\/uploads\/2024\/03\/PERU-scaled.jpg&#8221; background_enable_image=&#8221;on&#8221; parallax=&#8221;on&#8221; global_colors_info=&#8221;{}&#8221; sticky_transition=&#8221;on&#8221;][\/et_pb_slide][\/et_pb_fullwidth_slider][\/et_pb_section][et_pb_section fb_built=&#8221;1&#8243; admin_label=&#8221;Footer&#8221; _builder_version=&#8221;4.24.2&#8243; _module_preset=&#8221;default&#8221; use_background_color_gradient=&#8221;on&#8221; background_color_gradient_stops=&#8221;#242424 31%|#242424 100%&#8221; background_color_gradient_overlays_image=&#8221;on&#8221; background_enable_image=&#8221;off&#8221; saved_tabs=&#8221;all&#8221; collapsed=&#8221;on&#8221; global_colors_info=&#8221;{}&#8221;][et_pb_row column_structure=&#8221;1_3,1_3,1_3&#8243; _builder_version=&#8221;4.17.4&#8243; _module_preset=&#8221;default&#8221; global_colors_info=&#8221;{}&#8221;][et_pb_column type=&#8221;1_3&#8243; _builder_version=&#8221;4.17.4&#8243; _module_preset=&#8221;default&#8221; global_colors_info=&#8221;{}&#8221;][et_pb_image src=&#8221;https:\/\/www.ocmer.it\/wp-content\/uploads\/2024\/05\/OCMER-logo.png&#8221; title_text=&#8221;OCMER logo&#8221; _builder_version=&#8221;4.27.2&#8243; _module_preset=&#8221;default&#8221; width=&#8221;86%&#8221; box_shadow_style=&#8221;preset1&#8243; box_shadow_blur=&#8221;11px&#8221; box_shadow_color=&#8221;#FFFFFF&#8221; global_colors_info=&#8221;{}&#8221;][\/et_pb_image][\/et_pb_column][et_pb_column type=&#8221;1_3&#8243; _builder_version=&#8221;4.17.4&#8243; _module_preset=&#8221;default&#8221; global_colors_info=&#8221;{}&#8221;][et_pb_text _builder_version=&#8221;4.24.2&#8243; _module_preset=&#8221;4c43b4b6-66bf-432d-959a-705bda24a650&#8243; text_font=&#8221;||||||||&#8221; text_text_color=&#8221;#FFFFFF&#8221; text_font_size=&#8221;16px&#8221; custom_margin=&#8221;5px|||||&#8221; header_font_size_tablet=&#8221;55px&#8221; header_font_size_last_edited=&#8221;off|desktop&#8221; global_colors_info=&#8221;{}&#8221;]<\/p>\n<p><span>Desideri maggiori informazioni o hai delle richieste? Compila il modulo con le tue informazioni e le tue domande. Il nostro team sar\u00e0 lieto di aiutarti e ti contatter\u00e0 al pi\u00f9 presto!<\/span><\/p>\n<p>[\/et_pb_text][et_pb_button button_url=&#8221;https:\/\/www.ocmer.it\/contatti\/&#8221; button_text=&#8221;Contattaci&#8221; button_alignment=&#8221;left&#8221; _builder_version=&#8221;4.27.2&#8243; _module_preset=&#8221;default&#8221; custom_button=&#8221;on&#8221; button_text_color=&#8221;#FFFFFF&#8221; button_bg_color=&#8221;#FFA500&#8243; button_border_color=&#8221;RGBA(255,255,255,0)&#8221; button_border_radius=&#8221;7px&#8221; global_colors_info=&#8221;{}&#8221;][\/et_pb_button][\/et_pb_column][et_pb_column type=&#8221;1_3&#8243; _builder_version=&#8221;4.17.4&#8243; _module_preset=&#8221;default&#8221; global_colors_info=&#8221;{}&#8221;][et_pb_blurb title=&#8221;Address&#8221; use_icon=&#8221;on&#8221; font_icon=&#8221;&#xf279;||fa||900&#8243; icon_color=&#8221;#FFFFFF&#8221; icon_placement=&#8221;left&#8221; image_icon_width=&#8221;24px&#8221; content_max_width=&#8221;100%&#8221; _builder_version=&#8221;4.24.2&#8243; _module_preset=&#8221;341773a8-7d77-4626-b15c-f95399f25521&#8243; header_font=&#8221;|600|||||||&#8221; header_text_color=&#8221;#FFFFFF&#8221; body_font=&#8221;|700|||||||&#8221; body_text_color=&#8221;#FFFFFF&#8221; body_link_text_color=&#8221;#73C345&#8243; animation=&#8221;off&#8221; locked=&#8221;off&#8221; global_colors_info=&#8221;{}&#8221;]<\/p>\n<p>OCMER Co. srl &#8211; Partita IVA: IT08959020150<\/p>\n<p>Via 1\u00b0 Maggio, 33, 20014 Nerviano (MI) Italy<\/p>\n<p>[\/et_pb_blurb][et_pb_blurb title=&#8221;Email&#8221; use_icon=&#8221;on&#8221; font_icon=&#8221;&#xf2b6;||fa||900&#8243; icon_color=&#8221;#FFFFFF&#8221; icon_placement=&#8221;left&#8221; image_icon_width=&#8221;24px&#8221; content_max_width=&#8221;100%&#8221; _builder_version=&#8221;4.24.2&#8243; _module_preset=&#8221;341773a8-7d77-4626-b15c-f95399f25521&#8243; header_font=&#8221;|600|||||||&#8221; header_text_color=&#8221;#FFFFFF&#8221; body_font=&#8221;|700|||||||&#8221; body_text_color=&#8221;#FFFFFF&#8221; body_link_text_color=&#8221;#FFFFFF&#8221; animation=&#8221;off&#8221; locked=&#8221;off&#8221; global_colors_info=&#8221;{}&#8221;]<\/p>\n<p><a href=\"mailto:info@ocmer.it\">info[at]ocmer.it<\/a><\/p>\n<p>[\/et_pb_blurb][et_pb_blurb title=&#8221;Telefono&#8221; use_icon=&#8221;on&#8221; font_icon=&#8221;&#xf879;||fa||900&#8243; icon_color=&#8221;#FFFFFF&#8221; icon_placement=&#8221;left&#8221; image_icon_width=&#8221;24px&#8221; content_max_width=&#8221;100%&#8221; _builder_version=&#8221;4.24.2&#8243; _module_preset=&#8221;341773a8-7d77-4626-b15c-f95399f25521&#8243; header_font=&#8221;|600|||||||&#8221; header_text_color=&#8221;#FFFFFF&#8221; body_font=&#8221;|700|||||||&#8221; body_text_color=&#8221;#FFFFFF&#8221; body_link_text_color=&#8221;#73C345&#8243; animation=&#8221;off&#8221; locked=&#8221;off&#8221; global_colors_info=&#8221;{}&#8221;]<\/p>\n<p><span>+39 0331 415221<\/span><\/p>\n<p>[\/et_pb_blurb][\/et_pb_column][\/et_pb_row][\/et_pb_section]<\/p>\n","protected":false},"excerpt":{"rendered":"<p>BRACCI\u00a0 per la movimentazione a distanza della lancia da spruzzo Scopri la gamma di bracci per la proiezione di calcestruzzi: I bracci da spruzzo della serie RAPIDO sono destinati alla movimentazione a distanza della lancia da spruzzo nell\u2019esecuzione di applicazioni di calcestruzzo proiettato sia per via secca che umida. Il loro uso consente di migliorare [&hellip;]<\/p>\n","protected":false},"author":2,"featured_media":1654,"parent":123,"menu_order":0,"comment_status":"closed","ping_status":"closed","template":"","meta":{"_et_pb_use_builder":"on","_et_pb_old_content":"","_et_gb_content_width":"","content-type":"","iawp_total_views":243,"footnotes":""},"class_list":["post-535","page","type-page","status-publish","has-post-thumbnail","hentry"],"yoast_head":"<!-- This site is optimized with the Yoast SEO plugin v27.3 - https:\/\/yoast.com\/product\/yoast-seo-wordpress\/ -->\n<title>Bracci a Spruzzo per Calcestruzzo Proiettato | Ocmer.it<\/title>\n<meta name=\"description\" content=\"Scopri la Gamma di Bracci a Spruzzo Ocmer per la Proiezione di Calcestruzzo, ideali per Consolidamento di Scarpate, Fondazioni, Ripristino di Tunnel.\" \/>\n<meta name=\"robots\" content=\"index, follow, max-snippet:-1, max-image-preview:large, max-video-preview:-1\" \/>\n<link rel=\"canonical\" href=\"https:\/\/www.ocmer.it\/fr\/beton-projete\/bras-de-projection\/\" \/>\n<meta property=\"og:locale\" content=\"fr_FR\" \/>\n<meta property=\"og:type\" content=\"article\" \/>\n<meta property=\"og:title\" content=\"Bracci a Spruzzo per Calcestruzzo Proiettato | Ocmer.it\" \/>\n<meta property=\"og:description\" content=\"Scopri la Gamma di Bracci a Spruzzo Ocmer per la Proiezione di Calcestruzzo, ideali per Consolidamento di Scarpate, Fondazioni, Ripristino di Tunnel.\" \/>\n<meta property=\"og:url\" content=\"https:\/\/www.ocmer.it\/fr\/beton-projete\/bras-de-projection\/\" \/>\n<meta property=\"og:site_name\" content=\"OCMER CO SRL\" \/>\n<meta property=\"article:modified_time\" content=\"2025-05-29T07:38:13+00:00\" \/>\n<meta property=\"og:image\" content=\"https:\/\/www.ocmer.it\/wp-content\/uploads\/2024\/05\/DSCF0526-1-scaled.jpg\" \/>\n\t<meta property=\"og:image:width\" content=\"2560\" \/>\n\t<meta property=\"og:image:height\" content=\"1707\" \/>\n\t<meta property=\"og:image:type\" content=\"image\/jpeg\" \/>\n<meta name=\"twitter:card\" content=\"summary_large_image\" \/>\n<meta name=\"twitter:label1\" content=\"Dur\u00e9e de lecture estim\u00e9e\" \/>\n\t<meta name=\"twitter:data1\" content=\"2 minutes\" \/>\n<script type=\"application\/ld+json\" class=\"yoast-schema-graph\">{\"@context\":\"https:\\\/\\\/schema.org\",\"@graph\":[{\"@type\":\"WebPage\",\"@id\":\"https:\\\/\\\/www.ocmer.it\\\/calcestruzzo-proiettato\\\/bracci-a-spruzzo\\\/\",\"url\":\"https:\\\/\\\/www.ocmer.it\\\/calcestruzzo-proiettato\\\/bracci-a-spruzzo\\\/\",\"name\":\"Bracci a Spruzzo per Calcestruzzo Proiettato | Ocmer.it\",\"isPartOf\":{\"@id\":\"https:\\\/\\\/www.ocmer.it\\\/#website\"},\"primaryImageOfPage\":{\"@id\":\"https:\\\/\\\/www.ocmer.it\\\/calcestruzzo-proiettato\\\/bracci-a-spruzzo\\\/#primaryimage\"},\"image\":{\"@id\":\"https:\\\/\\\/www.ocmer.it\\\/calcestruzzo-proiettato\\\/bracci-a-spruzzo\\\/#primaryimage\"},\"thumbnailUrl\":\"https:\\\/\\\/www.ocmer.it\\\/wp-content\\\/uploads\\\/2024\\\/05\\\/DSCF0526-1-scaled.jpg\",\"datePublished\":\"2024-04-18T14:41:55+00:00\",\"dateModified\":\"2025-05-29T07:38:13+00:00\",\"description\":\"Scopri la Gamma di Bracci a Spruzzo Ocmer per la Proiezione di Calcestruzzo, ideali per Consolidamento di Scarpate, Fondazioni, Ripristino di Tunnel.\",\"breadcrumb\":{\"@id\":\"https:\\\/\\\/www.ocmer.it\\\/calcestruzzo-proiettato\\\/bracci-a-spruzzo\\\/#breadcrumb\"},\"inLanguage\":\"fr-FR\",\"potentialAction\":[{\"@type\":\"ReadAction\",\"target\":[\"https:\\\/\\\/www.ocmer.it\\\/calcestruzzo-proiettato\\\/bracci-a-spruzzo\\\/\"]}]},{\"@type\":\"ImageObject\",\"inLanguage\":\"fr-FR\",\"@id\":\"https:\\\/\\\/www.ocmer.it\\\/calcestruzzo-proiettato\\\/bracci-a-spruzzo\\\/#primaryimage\",\"url\":\"https:\\\/\\\/www.ocmer.it\\\/wp-content\\\/uploads\\\/2024\\\/05\\\/DSCF0526-1-scaled.jpg\",\"contentUrl\":\"https:\\\/\\\/www.ocmer.it\\\/wp-content\\\/uploads\\\/2024\\\/05\\\/DSCF0526-1-scaled.jpg\",\"width\":2560,\"height\":1707},{\"@type\":\"BreadcrumbList\",\"@id\":\"https:\\\/\\\/www.ocmer.it\\\/calcestruzzo-proiettato\\\/bracci-a-spruzzo\\\/#breadcrumb\",\"itemListElement\":[{\"@type\":\"ListItem\",\"position\":1,\"name\":\"Home\",\"item\":\"https:\\\/\\\/www.ocmer.it\\\/\"},{\"@type\":\"ListItem\",\"position\":2,\"name\":\"Calcestruzzo Proiettato\",\"item\":\"https:\\\/\\\/www.ocmer.it\\\/calcestruzzo-proiettato\\\/\"},{\"@type\":\"ListItem\",\"position\":3,\"name\":\"Bracci a Spruzzo\"}]},{\"@type\":\"WebSite\",\"@id\":\"https:\\\/\\\/www.ocmer.it\\\/#website\",\"url\":\"https:\\\/\\\/www.ocmer.it\\\/\",\"name\":\"OCMER CO SRL\",\"description\":\"Machines and Equipment for Sprayed Concrete and Refractory Mixes Applications\",\"publisher\":{\"@id\":\"https:\\\/\\\/www.ocmer.it\\\/#organization\"},\"potentialAction\":[{\"@type\":\"SearchAction\",\"target\":{\"@type\":\"EntryPoint\",\"urlTemplate\":\"https:\\\/\\\/www.ocmer.it\\\/?s={search_term_string}\"},\"query-input\":{\"@type\":\"PropertyValueSpecification\",\"valueRequired\":true,\"valueName\":\"search_term_string\"}}],\"inLanguage\":\"fr-FR\"},{\"@type\":\"Organization\",\"@id\":\"https:\\\/\\\/www.ocmer.it\\\/#organization\",\"name\":\"OCMER CO SRL\",\"url\":\"https:\\\/\\\/www.ocmer.it\\\/\",\"logo\":{\"@type\":\"ImageObject\",\"inLanguage\":\"fr-FR\",\"@id\":\"https:\\\/\\\/www.ocmer.it\\\/#\\\/schema\\\/logo\\\/image\\\/\",\"url\":\"https:\\\/\\\/www.ocmer.it\\\/wp-content\\\/uploads\\\/2024\\\/03\\\/3.png\",\"contentUrl\":\"https:\\\/\\\/www.ocmer.it\\\/wp-content\\\/uploads\\\/2024\\\/03\\\/3.png\",\"width\":500,\"height\":500,\"caption\":\"OCMER CO SRL\"},\"image\":{\"@id\":\"https:\\\/\\\/www.ocmer.it\\\/#\\\/schema\\\/logo\\\/image\\\/\"}}]}<\/script>\n<!-- \/ Yoast SEO plugin. -->","yoast_head_json":{"title":"Lances de pulv\u00e9risation pour b\u00e9ton projet\u00e9 | Ocmer Co. Italy","description":"Scopri la Gamma di Bracci a Spruzzo Ocmer per la Proiezione di Calcestruzzo, ideali per Consolidamento di Scarpate, Fondazioni, Ripristino di Tunnel.","robots":{"index":"index","follow":"follow","max-snippet":"max-snippet:-1","max-image-preview":"max-image-preview:large","max-video-preview":"max-video-preview:-1"},"canonical":"https:\/\/www.ocmer.it\/fr\/beton-projete\/bras-de-projection\/","og_locale":"fr_FR","og_type":"article","og_title":"Bracci a Spruzzo per Calcestruzzo Proiettato | Ocmer.it","og_description":"Scopri la Gamma di Bracci a Spruzzo Ocmer per la Proiezione di Calcestruzzo, ideali per Consolidamento di Scarpate, Fondazioni, Ripristino di Tunnel.","og_url":"https:\/\/www.ocmer.it\/fr\/beton-projete\/bras-de-projection\/","og_site_name":"OCMER CO SRL","article_modified_time":"2025-05-29T07:38:13+00:00","og_image":[{"width":2560,"height":1707,"url":"https:\/\/www.ocmer.it\/wp-content\/uploads\/2024\/05\/DSCF0526-1-scaled.jpg","type":"image\/jpeg"}],"twitter_card":"summary_large_image","twitter_misc":{"Dur\u00e9e de lecture estim\u00e9e":"2 minutes"},"schema":{"@context":"https:\/\/schema.org","@graph":[{"@type":"WebPage","@id":"https:\/\/www.ocmer.it\/calcestruzzo-proiettato\/bracci-a-spruzzo\/","url":"https:\/\/www.ocmer.it\/calcestruzzo-proiettato\/bracci-a-spruzzo\/","name":"Lances de pulv\u00e9risation pour b\u00e9ton projet\u00e9 | Ocmer Co. Italy","isPartOf":{"@id":"https:\/\/www.ocmer.it\/#website"},"primaryImageOfPage":{"@id":"https:\/\/www.ocmer.it\/calcestruzzo-proiettato\/bracci-a-spruzzo\/#primaryimage"},"image":{"@id":"https:\/\/www.ocmer.it\/calcestruzzo-proiettato\/bracci-a-spruzzo\/#primaryimage"},"thumbnailUrl":"https:\/\/www.ocmer.it\/wp-content\/uploads\/2024\/05\/DSCF0526-1-scaled.jpg","datePublished":"2024-04-18T14:41:55+00:00","dateModified":"2025-05-29T07:38:13+00:00","description":"Scopri la Gamma di Bracci a Spruzzo Ocmer per la Proiezione di Calcestruzzo, ideali per Consolidamento di Scarpate, Fondazioni, Ripristino di Tunnel.","breadcrumb":{"@id":"https:\/\/www.ocmer.it\/calcestruzzo-proiettato\/bracci-a-spruzzo\/#breadcrumb"},"inLanguage":"fr-FR","potentialAction":[{"@type":"ReadAction","target":["https:\/\/www.ocmer.it\/calcestruzzo-proiettato\/bracci-a-spruzzo\/"]}]},{"@type":"ImageObject","inLanguage":"fr-FR","@id":"https:\/\/www.ocmer.it\/calcestruzzo-proiettato\/bracci-a-spruzzo\/#primaryimage","url":"https:\/\/www.ocmer.it\/wp-content\/uploads\/2024\/05\/DSCF0526-1-scaled.jpg","contentUrl":"https:\/\/www.ocmer.it\/wp-content\/uploads\/2024\/05\/DSCF0526-1-scaled.jpg","width":2560,"height":1707},{"@type":"BreadcrumbList","@id":"https:\/\/www.ocmer.it\/calcestruzzo-proiettato\/bracci-a-spruzzo\/#breadcrumb","itemListElement":[{"@type":"ListItem","position":1,"name":"Home","item":"https:\/\/www.ocmer.it\/"},{"@type":"ListItem","position":2,"name":"Calcestruzzo Proiettato","item":"https:\/\/www.ocmer.it\/calcestruzzo-proiettato\/"},{"@type":"ListItem","position":3,"name":"Bracci a Spruzzo"}]},{"@type":"WebSite","@id":"https:\/\/www.ocmer.it\/#website","url":"https:\/\/www.ocmer.it\/","name":"OCMER CO SRL","description":"Machines and Equipment for Sprayed Concrete and Refractory Mixes Applications","publisher":{"@id":"https:\/\/www.ocmer.it\/#organization"},"potentialAction":[{"@type":"SearchAction","target":{"@type":"EntryPoint","urlTemplate":"https:\/\/www.ocmer.it\/?s={search_term_string}"},"query-input":{"@type":"PropertyValueSpecification","valueRequired":true,"valueName":"search_term_string"}}],"inLanguage":"fr-FR"},{"@type":"Organization","@id":"https:\/\/www.ocmer.it\/#organization","name":"OCMER CO SRL","url":"https:\/\/www.ocmer.it\/","logo":{"@type":"ImageObject","inLanguage":"fr-FR","@id":"https:\/\/www.ocmer.it\/#\/schema\/logo\/image\/","url":"https:\/\/www.ocmer.it\/wp-content\/uploads\/2024\/03\/3.png","contentUrl":"https:\/\/www.ocmer.it\/wp-content\/uploads\/2024\/03\/3.png","width":500,"height":500,"caption":"OCMER CO SRL"},"image":{"@id":"https:\/\/www.ocmer.it\/#\/schema\/logo\/image\/"}}]}},"_links":{"self":[{"href":"https:\/\/www.ocmer.it\/fr\/wp-json\/wp\/v2\/pages\/535","targetHints":{"allow":["GET"]}}],"collection":[{"href":"https:\/\/www.ocmer.it\/fr\/wp-json\/wp\/v2\/pages"}],"about":[{"href":"https:\/\/www.ocmer.it\/fr\/wp-json\/wp\/v2\/types\/page"}],"author":[{"embeddable":true,"href":"https:\/\/www.ocmer.it\/fr\/wp-json\/wp\/v2\/users\/2"}],"replies":[{"embeddable":true,"href":"https:\/\/www.ocmer.it\/fr\/wp-json\/wp\/v2\/comments?post=535"}],"version-history":[{"count":26,"href":"https:\/\/www.ocmer.it\/fr\/wp-json\/wp\/v2\/pages\/535\/revisions"}],"predecessor-version":[{"id":2412,"href":"https:\/\/www.ocmer.it\/fr\/wp-json\/wp\/v2\/pages\/535\/revisions\/2412"}],"up":[{"embeddable":true,"href":"https:\/\/www.ocmer.it\/fr\/wp-json\/wp\/v2\/pages\/123"}],"wp:featuredmedia":[{"embeddable":true,"href":"https:\/\/www.ocmer.it\/fr\/wp-json\/wp\/v2\/media\/1654"}],"wp:attachment":[{"href":"https:\/\/www.ocmer.it\/fr\/wp-json\/wp\/v2\/media?parent=535"}],"curies":[{"name":"wp","href":"https:\/\/api.w.org\/{rel}","templated":true}]}}